{"id":667,"date":"2024-01-02T11:01:14","date_gmt":"2024-01-02T14:01:14","guid":{"rendered":"https:\/\/haraslastordillas.com\/termos-condicoes\/"},"modified":"2024-08-15T01:05:16","modified_gmt":"2024-08-15T04:05:16","slug":"termos-condicoes","status":"publish","type":"page","link":"https:\/\/haraslastordillas.com\/pt-br\/termos-condicoes\/","title":{"rendered":"Termos &amp; Condi\u00e7\u00f5es"},"content":{"rendered":"\t\t<div data-elementor-type=\"wp-page\" data-elementor-id=\"667\" class=\"elementor elementor-667 elementor-259\" data-elementor-post-type=\"page\">\n\t\t\t\t<div class=\"elementor-element elementor-element-660fd7f e-flex e-con-boxed e-con e-parent\" data-id=\"660fd7f\" data-element_type=\"container\" data-e-type=\"container\">\n\t\t\t\t\t<div class=\"e-con-inner\">\n\t\t\t\t<div class=\"elementor-element elementor-element-9e79bee elementor-widget elementor-widget-heading\" data-id=\"9e79bee\" data-element_type=\"widget\" data-e-type=\"widget\" data-widget_type=\"heading.default\">\n\t\t\t\t<div class=\"elementor-widget-container\">\n\t\t\t\t\t<h1 class=\"elementor-heading-title elementor-size-default\">Termos e condi\u00e7\u00f5es<\/h1>\t\t\t\t<\/div>\n\t\t\t\t<\/div>\n\t\t\t\t<div class=\"elementor-element elementor-element-9b425f8 elementor-widget elementor-widget-text-editor\" data-id=\"9b425f8\" data-element_type=\"widget\" data-e-type=\"widget\" data-widget_type=\"text-editor.default\">\n\t\t\t\t<div class=\"elementor-widget-container\">\n\t\t\t\t\t\t\t\t\t<p>Bem-vindo ao Haras Las Tordillas. Esperamos oferecer-lhe uma estadia memor\u00e1vel e agrad\u00e1vel. Por favor, reserve um momento para ler nossos termos e condi\u00e7\u00f5es para garantir uma experi\u00eancia agrad\u00e1vel durante sua visita.<\/p>\n\t\t\t\t\t\t\t\t<\/div>\n\t\t\t\t<\/div>\n\t\t\t\t<div class=\"elementor-element elementor-element-df08272 elementor-widget elementor-widget-heading\" data-id=\"df08272\" data-element_type=\"widget\" data-e-type=\"widget\" data-widget_type=\"heading.default\">\n\t\t\t\t<div class=\"elementor-widget-container\">\n\t\t\t\t\t<h2 class=\"elementor-heading-title elementor-size-default\">Pol\u00edtica de reserva<\/h2>\t\t\t\t<\/div>\n\t\t\t\t<\/div>\n\t\t\t\t<div class=\"elementor-element elementor-element-cb26fac elementor-widget elementor-widget-text-editor\" data-id=\"cb26fac\" data-element_type=\"widget\" data-e-type=\"widget\" data-widget_type=\"text-editor.default\">\n\t\t\t\t<div class=\"elementor-widget-container\">\n\t\t\t\t\t\t\t\t\t<ul>\n<li><strong>Reserva Antecipada:<\/strong> \u00c9 necess\u00e1rio que os h\u00f3spedes fa\u00e7am suas reservas pelo menos 48 horas antes. Isso nos ajuda a preparar para a sua chegada e garante que sua estadia seja o mais confort\u00e1vel poss\u00edvel.<\/li>\n<li><strong>Dep\u00f3sito:<\/strong> Um dep\u00f3sito de 50% do valor total da reserva \u00e9 necess\u00e1rio para garantir a sua reserva. Este dep\u00f3sito \u00e9 n\u00e3o reembols\u00e1vel.<\/li>\n<li>Para a tranquilidade e conforto de todos os nossos h\u00f3spedes, n\u00e3o s\u00e3o permitidos animais de estima\u00e7\u00e3o.<br \/>Nossas casas e cabanas s\u00e3o exclusivamente para h\u00f3spedes adultos.<br \/>Crian\u00e7as s\u00e3o bem-vindas apenas na \u00e1rea correspondente ao nosso Est\u00e1bulo Renovado (que n\u00e3o d\u00e1 acesso \u00e0s \u00e1reas comuns).<br \/>A proposta de hospedagem no Haras Las Tordillas \u00e9 criar momentos inesquec\u00edveis de descanso, leitura, caminhadas e boas conversas, em ambientes e paisagens com um encanto especial que potencializar\u00e3o sua conex\u00e3o com a natureza. Por esse motivo, no Haras Las Tordillas n\u00e3o h\u00e1 televisores.<\/li>\n<\/ul>\n\t\t\t\t\t\t\t\t<\/div>\n\t\t\t\t<\/div>\n\t\t\t\t<div class=\"elementor-element elementor-element-43f62f8 elementor-widget elementor-widget-heading\" data-id=\"43f62f8\" data-element_type=\"widget\" data-e-type=\"widget\" data-widget_type=\"heading.default\">\n\t\t\t\t<div class=\"elementor-widget-container\">\n\t\t\t\t\t<h2 class=\"elementor-heading-title elementor-size-default\">Pol\u00edtica de cancelamento<\/h2>\t\t\t\t<\/div>\n\t\t\t\t<\/div>\n\t\t\t\t<div class=\"elementor-element elementor-element-ea170d6 elementor-widget elementor-widget-text-editor\" data-id=\"ea170d6\" data-element_type=\"widget\" data-e-type=\"widget\" data-widget_type=\"text-editor.default\">\n\t\t\t\t<div class=\"elementor-widget-container\">\n\t\t\t\t\t\t\t\t\t<ul>\n<li><strong>Aviso de Cancelamento:<\/strong> Se precisar cancelar sua reserva, por favor fa\u00e7a isso pelo menos 14 dias antes da sua chegada programada. Isso nos permite ajustar nossas reservas de acordo e oferecer a acomoda\u00e7\u00e3o a outros h\u00f3spedes.<br \/>N\u00e3o reembols\u00e1vel<\/li>\n<li><strong>N\u00e3o Reembols\u00e1vel:<\/strong> Por favor, note que o dep\u00f3sito de 50% n\u00e3o \u00e9 reembols\u00e1vel se o cancelamento ocorrer menos de 14 dias antes da data de chegada.<\/li>\n<\/ul>\n\t\t\t\t\t\t\t\t<\/div>\n\t\t\t\t<\/div>\n\t\t\t\t<div class=\"elementor-element elementor-element-3bd443c elementor-widget elementor-widget-heading\" data-id=\"3bd443c\" data-element_type=\"widget\" data-e-type=\"widget\" data-widget_type=\"heading.default\">\n\t\t\t\t<div class=\"elementor-widget-container\">\n\t\t\t\t\t<h2 class=\"elementor-heading-title elementor-size-default\">Pol\u00edtica de acomoda\u00e7\u00e3o<\/h2>\t\t\t\t<\/div>\n\t\t\t\t<\/div>\n\t\t\t\t<div class=\"elementor-element elementor-element-c26796e elementor-widget elementor-widget-text-editor\" data-id=\"c26796e\" data-element_type=\"widget\" data-e-type=\"widget\" data-widget_type=\"text-editor.default\">\n\t\t\t\t<div class=\"elementor-widget-container\">\n\t\t\t\t\t\t\t\t\t<ul>\n<li><strong>Pol\u00edtica para Pets:<\/strong> O Haras Las Tordillas n\u00e3o \u00e9 pet-friendly. Pedimos gentilmente que nossos h\u00f3spedes fa\u00e7am arranjos alternativos para seus animais de estima\u00e7\u00e3o durante a estadia conosco.<\/li>\n<li><strong>Restri\u00e7\u00e3o de Idade:<\/strong> As \u00e1reas de cabanas e o Club House do Haras Las Tordillas s\u00e3o exclusivamente para h\u00f3spedes adultos. N\u00e3o acomodamos menores nestas \u00e1reas espec\u00edficas para garantir um ambiente sereno e relaxante para todos os nossos h\u00f3spedes.<\/li>\n<\/ul>\n\t\t\t\t\t\t\t\t<\/div>\n\t\t\t\t<\/div>\n\t\t\t\t<div class=\"elementor-element elementor-element-93038ee elementor-widget elementor-widget-text-editor\" data-id=\"93038ee\" data-element_type=\"widget\" data-e-type=\"widget\" data-widget_type=\"text-editor.default\">\n\t\t\t\t<div class=\"elementor-widget-container\">\n\t\t\t\t\t\t\t\t\t<p>Agradecemos sua compreens\u00e3o e ades\u00e3o a estes termos e condi\u00e7\u00f5es. Ao confirmar sua reserva, voc\u00ea concorda em cumprir estas pol\u00edticas. Se tiver alguma d\u00favida ou precisar de mais esclarecimentos, n\u00e3o hesite em nos contatar.<\/p>\n\t\t\t\t\t\t\t\t<\/div>\n\t\t\t\t<\/div>\n\t\t\t\t\t<\/div>\n\t\t\t\t<\/div>\n\t\t\t\t<\/div>\n\t\t","protected":false},"excerpt":{"rendered":"<p>Termos e condi\u00e7\u00f5es Bem-vindo ao Haras Las Tordillas. Esperamos oferecer-lhe uma estadia memor\u00e1vel e agrad\u00e1vel. Por favor, reserve um momento para ler nossos termos e condi\u00e7\u00f5es para garantir uma experi\u00eancia agrad\u00e1vel durante sua visita. Pol\u00edtica de reserva Reserva Antecipada: \u00c9 necess\u00e1rio que os h\u00f3spedes fa\u00e7am suas reservas pelo menos 48 horas antes. Isso nos ajuda [&hellip;]<\/p>\n","protected":false},"author":1,"featured_media":473,"parent":0,"menu_order":0,"comment_status":"closed","ping_status":"closed","template":"elementor_header_footer","meta":{"_monsterinsights_skip_tracking":false,"_monsterinsights_sitenote_active":false,"_monsterinsights_sitenote_note":"","_monsterinsights_sitenote_category":0,"footnotes":""},"class_list":["post-667","page","type-page","status-publish","has-post-thumbnail","hentry"],"yoast_head":"<!-- This site is optimized with the Yoast SEO plugin v27.3 - https:\/\/yoast.com\/product\/yoast-seo-wordpress\/ -->\n<title>Termos E Condi\u00e7\u00f5es De Estadia | Haras Las Tordillas, Uruguai<\/title>\n<meta name=\"description\" content=\"Leia os termos e condi\u00e7\u00f5es para a sua estadia no Haras Las Tordillas. Entenda nossas pol\u00edticas sobre reservas, cancelamentos e sua estadia.\" \/>\n<meta name=\"robots\" content=\"index, follow, max-snippet:-1, max-image-preview:large, max-video-preview:-1\" \/>\n<link rel=\"canonical\" href=\"https:\/\/haraslastordillas.com\/pt-br\/termos-condicoes\/\" \/>\n<meta property=\"og:locale\" content=\"pt_BR\" \/>\n<meta property=\"og:type\" content=\"article\" \/>\n<meta property=\"og:title\" content=\"Termos E Condi\u00e7\u00f5es De Estadia | Haras Las Tordillas, Uruguai\" \/>\n<meta property=\"og:description\" content=\"Leia os termos e condi\u00e7\u00f5es para a sua estadia no Haras Las Tordillas. Entenda nossas pol\u00edticas sobre reservas, cancelamentos e sua estadia.\" \/>\n<meta property=\"og:url\" content=\"https:\/\/haraslastordillas.com\/pt-br\/termos-condicoes\/\" \/>\n<meta property=\"og:site_name\" content=\"Haras Las Tordillas\" \/>\n<meta property=\"article:modified_time\" content=\"2024-08-15T04:05:16+00:00\" \/>\n<meta property=\"og:image\" content=\"https:\/\/haraslastordillas.com\/wp-content\/uploads\/2023\/12\/Haras-las-Tordillas.jpg\" \/>\n\t<meta property=\"og:image:width\" content=\"1400\" \/>\n\t<meta property=\"og:image:height\" content=\"932\" \/>\n\t<meta property=\"og:image:type\" content=\"image\/jpeg\" \/>\n<meta name=\"twitter:card\" content=\"summary_large_image\" \/>\n<meta name=\"twitter:label1\" content=\"Est. tempo de leitura\" \/>\n\t<meta name=\"twitter:data1\" content=\"2 minutos\" \/>\n<script type=\"application\/ld+json\" class=\"yoast-schema-graph\">{\"@context\":\"https:\\\/\\\/schema.org\",\"@graph\":[{\"@type\":\"WebPage\",\"@id\":\"https:\\\/\\\/haraslastordillas.com\\\/pt-br\\\/termos-condicoes\\\/\",\"url\":\"https:\\\/\\\/haraslastordillas.com\\\/pt-br\\\/termos-condicoes\\\/\",\"name\":\"Termos E Condi\u00e7\u00f5es De Estadia | Haras Las Tordillas, Uruguai\",\"isPartOf\":{\"@id\":\"https:\\\/\\\/haraslastordillas.com\\\/pt-br\\\/#website\"},\"primaryImageOfPage\":{\"@id\":\"https:\\\/\\\/haraslastordillas.com\\\/pt-br\\\/termos-condicoes\\\/#primaryimage\"},\"image\":{\"@id\":\"https:\\\/\\\/haraslastordillas.com\\\/pt-br\\\/termos-condicoes\\\/#primaryimage\"},\"thumbnailUrl\":\"https:\\\/\\\/haraslastordillas.com\\\/wp-content\\\/uploads\\\/2023\\\/12\\\/Haras-las-Tordillas.jpg\",\"datePublished\":\"2024-01-02T14:01:14+00:00\",\"dateModified\":\"2024-08-15T04:05:16+00:00\",\"description\":\"Leia os termos e condi\u00e7\u00f5es para a sua estadia no Haras Las Tordillas. Entenda nossas pol\u00edticas sobre reservas, cancelamentos e sua estadia.\",\"breadcrumb\":{\"@id\":\"https:\\\/\\\/haraslastordillas.com\\\/pt-br\\\/termos-condicoes\\\/#breadcrumb\"},\"inLanguage\":\"pt-BR\",\"potentialAction\":[{\"@type\":\"ReadAction\",\"target\":[\"https:\\\/\\\/haraslastordillas.com\\\/pt-br\\\/termos-condicoes\\\/\"]}]},{\"@type\":\"ImageObject\",\"inLanguage\":\"pt-BR\",\"@id\":\"https:\\\/\\\/haraslastordillas.com\\\/pt-br\\\/termos-condicoes\\\/#primaryimage\",\"url\":\"https:\\\/\\\/haraslastordillas.com\\\/wp-content\\\/uploads\\\/2023\\\/12\\\/Haras-las-Tordillas.jpg\",\"contentUrl\":\"https:\\\/\\\/haraslastordillas.com\\\/wp-content\\\/uploads\\\/2023\\\/12\\\/Haras-las-Tordillas.jpg\",\"width\":1400,\"height\":932,\"caption\":\"Haras las Tordillas\"},{\"@type\":\"BreadcrumbList\",\"@id\":\"https:\\\/\\\/haraslastordillas.com\\\/pt-br\\\/termos-condicoes\\\/#breadcrumb\",\"itemListElement\":[{\"@type\":\"ListItem\",\"position\":1,\"name\":\"Home\",\"item\":\"https:\\\/\\\/haraslastordillas.com\\\/pt-br\\\/\"},{\"@type\":\"ListItem\",\"position\":2,\"name\":\"Termos &amp; Condi\u00e7\u00f5es\"}]},{\"@type\":\"WebSite\",\"@id\":\"https:\\\/\\\/haraslastordillas.com\\\/pt-br\\\/#website\",\"url\":\"https:\\\/\\\/haraslastordillas.com\\\/pt-br\\\/\",\"name\":\"Haras Las Tordillas\",\"description\":\"Uruguay\",\"publisher\":{\"@id\":\"https:\\\/\\\/haraslastordillas.com\\\/pt-br\\\/#organization\"},\"potentialAction\":[{\"@type\":\"SearchAction\",\"target\":{\"@type\":\"EntryPoint\",\"urlTemplate\":\"https:\\\/\\\/haraslastordillas.com\\\/pt-br\\\/?s={search_term_string}\"},\"query-input\":{\"@type\":\"PropertyValueSpecification\",\"valueRequired\":true,\"valueName\":\"search_term_string\"}}],\"inLanguage\":\"pt-BR\"},{\"@type\":\"Organization\",\"@id\":\"https:\\\/\\\/haraslastordillas.com\\\/pt-br\\\/#organization\",\"name\":\"Haras Las Tordillas\",\"url\":\"https:\\\/\\\/haraslastordillas.com\\\/pt-br\\\/\",\"logo\":{\"@type\":\"ImageObject\",\"inLanguage\":\"pt-BR\",\"@id\":\"https:\\\/\\\/haraslastordillas.com\\\/pt-br\\\/#\\\/schema\\\/logo\\\/image\\\/\",\"url\":\"https:\\\/\\\/haraslastordillas.com\\\/wp-content\\\/uploads\\\/2023\\\/11\\\/logo-haras.png\",\"contentUrl\":\"https:\\\/\\\/haraslastordillas.com\\\/wp-content\\\/uploads\\\/2023\\\/11\\\/logo-haras.png\",\"width\":400,\"height\":182,\"caption\":\"Haras Las Tordillas\"},\"image\":{\"@id\":\"https:\\\/\\\/haraslastordillas.com\\\/pt-br\\\/#\\\/schema\\\/logo\\\/image\\\/\"}}]}<\/script>\n<!-- \/ Yoast SEO plugin. -->","yoast_head_json":{"title":"Termos E Condi\u00e7\u00f5es De Estadia | Haras Las Tordillas, Uruguai","description":"Leia os termos e condi\u00e7\u00f5es para a sua estadia no Haras Las Tordillas. Entenda nossas pol\u00edticas sobre reservas, cancelamentos e sua estadia.","robots":{"index":"index","follow":"follow","max-snippet":"max-snippet:-1","max-image-preview":"max-image-preview:large","max-video-preview":"max-video-preview:-1"},"canonical":"https:\/\/haraslastordillas.com\/pt-br\/termos-condicoes\/","og_locale":"pt_BR","og_type":"article","og_title":"Termos E Condi\u00e7\u00f5es De Estadia | Haras Las Tordillas, Uruguai","og_description":"Leia os termos e condi\u00e7\u00f5es para a sua estadia no Haras Las Tordillas. Entenda nossas pol\u00edticas sobre reservas, cancelamentos e sua estadia.","og_url":"https:\/\/haraslastordillas.com\/pt-br\/termos-condicoes\/","og_site_name":"Haras Las Tordillas","article_modified_time":"2024-08-15T04:05:16+00:00","og_image":[{"width":1400,"height":932,"url":"https:\/\/haraslastordillas.com\/wp-content\/uploads\/2023\/12\/Haras-las-Tordillas.jpg","type":"image\/jpeg"}],"twitter_card":"summary_large_image","twitter_misc":{"Est. tempo de leitura":"2 minutos"},"schema":{"@context":"https:\/\/schema.org","@graph":[{"@type":"WebPage","@id":"https:\/\/haraslastordillas.com\/pt-br\/termos-condicoes\/","url":"https:\/\/haraslastordillas.com\/pt-br\/termos-condicoes\/","name":"Termos E Condi\u00e7\u00f5es De Estadia | Haras Las Tordillas, Uruguai","isPartOf":{"@id":"https:\/\/haraslastordillas.com\/pt-br\/#website"},"primaryImageOfPage":{"@id":"https:\/\/haraslastordillas.com\/pt-br\/termos-condicoes\/#primaryimage"},"image":{"@id":"https:\/\/haraslastordillas.com\/pt-br\/termos-condicoes\/#primaryimage"},"thumbnailUrl":"https:\/\/haraslastordillas.com\/wp-content\/uploads\/2023\/12\/Haras-las-Tordillas.jpg","datePublished":"2024-01-02T14:01:14+00:00","dateModified":"2024-08-15T04:05:16+00:00","description":"Leia os termos e condi\u00e7\u00f5es para a sua estadia no Haras Las Tordillas. Entenda nossas pol\u00edticas sobre reservas, cancelamentos e sua estadia.","breadcrumb":{"@id":"https:\/\/haraslastordillas.com\/pt-br\/termos-condicoes\/#breadcrumb"},"inLanguage":"pt-BR","potentialAction":[{"@type":"ReadAction","target":["https:\/\/haraslastordillas.com\/pt-br\/termos-condicoes\/"]}]},{"@type":"ImageObject","inLanguage":"pt-BR","@id":"https:\/\/haraslastordillas.com\/pt-br\/termos-condicoes\/#primaryimage","url":"https:\/\/haraslastordillas.com\/wp-content\/uploads\/2023\/12\/Haras-las-Tordillas.jpg","contentUrl":"https:\/\/haraslastordillas.com\/wp-content\/uploads\/2023\/12\/Haras-las-Tordillas.jpg","width":1400,"height":932,"caption":"Haras las Tordillas"},{"@type":"BreadcrumbList","@id":"https:\/\/haraslastordillas.com\/pt-br\/termos-condicoes\/#breadcrumb","itemListElement":[{"@type":"ListItem","position":1,"name":"Home","item":"https:\/\/haraslastordillas.com\/pt-br\/"},{"@type":"ListItem","position":2,"name":"Termos &amp; Condi\u00e7\u00f5es"}]},{"@type":"WebSite","@id":"https:\/\/haraslastordillas.com\/pt-br\/#website","url":"https:\/\/haraslastordillas.com\/pt-br\/","name":"Haras Las Tordillas","description":"Uruguay","publisher":{"@id":"https:\/\/haraslastordillas.com\/pt-br\/#organization"},"potentialAction":[{"@type":"SearchAction","target":{"@type":"EntryPoint","urlTemplate":"https:\/\/haraslastordillas.com\/pt-br\/?s={search_term_string}"},"query-input":{"@type":"PropertyValueSpecification","valueRequired":true,"valueName":"search_term_string"}}],"inLanguage":"pt-BR"},{"@type":"Organization","@id":"https:\/\/haraslastordillas.com\/pt-br\/#organization","name":"Haras Las Tordillas","url":"https:\/\/haraslastordillas.com\/pt-br\/","logo":{"@type":"ImageObject","inLanguage":"pt-BR","@id":"https:\/\/haraslastordillas.com\/pt-br\/#\/schema\/logo\/image\/","url":"https:\/\/haraslastordillas.com\/wp-content\/uploads\/2023\/11\/logo-haras.png","contentUrl":"https:\/\/haraslastordillas.com\/wp-content\/uploads\/2023\/11\/logo-haras.png","width":400,"height":182,"caption":"Haras Las Tordillas"},"image":{"@id":"https:\/\/haraslastordillas.com\/pt-br\/#\/schema\/logo\/image\/"}}]}},"_links":{"self":[{"href":"https:\/\/haraslastordillas.com\/pt-br\/wp-json\/wp\/v2\/pages\/667","targetHints":{"allow":["GET"]}}],"collection":[{"href":"https:\/\/haraslastordillas.com\/pt-br\/wp-json\/wp\/v2\/pages"}],"about":[{"href":"https:\/\/haraslastordillas.com\/pt-br\/wp-json\/wp\/v2\/types\/page"}],"author":[{"embeddable":true,"href":"https:\/\/haraslastordillas.com\/pt-br\/wp-json\/wp\/v2\/users\/1"}],"replies":[{"embeddable":true,"href":"https:\/\/haraslastordillas.com\/pt-br\/wp-json\/wp\/v2\/comments?post=667"}],"version-history":[{"count":5,"href":"https:\/\/haraslastordillas.com\/pt-br\/wp-json\/wp\/v2\/pages\/667\/revisions"}],"predecessor-version":[{"id":902,"href":"https:\/\/haraslastordillas.com\/pt-br\/wp-json\/wp\/v2\/pages\/667\/revisions\/902"}],"wp:featuredmedia":[{"embeddable":true,"href":"https:\/\/haraslastordillas.com\/pt-br\/wp-json\/wp\/v2\/media\/473"}],"wp:attachment":[{"href":"https:\/\/haraslastordillas.com\/pt-br\/wp-json\/wp\/v2\/media?parent=667"}],"curies":[{"name":"wp","href":"https:\/\/api.w.org\/{rel}","templated":true}]}}