{"id":643,"date":"2023-11-28T14:52:02","date_gmt":"2023-11-28T17:52:02","guid":{"rendered":"https:\/\/haraslastordillas.com\/reserve-agora\/"},"modified":"2024-02-22T16:25:12","modified_gmt":"2024-02-22T19:25:12","slug":"reserve-agora","status":"publish","type":"page","link":"https:\/\/haraslastordillas.com\/pt-br\/reserve-agora\/","title":{"rendered":"Reserve agora"},"content":{"rendered":"\t\t<div data-elementor-type=\"wp-page\" data-elementor-id=\"643\" class=\"elementor elementor-643 elementor-28\" data-elementor-post-type=\"page\">\n\t\t\t\t<div class=\"elementor-element elementor-element-da5df06 e-con-full e-flex e-con e-parent\" data-id=\"da5df06\" data-element_type=\"container\" data-e-type=\"container\" data-settings=\"{&quot;background_background&quot;:&quot;classic&quot;}\">\n\t\t<div class=\"elementor-element elementor-element-1c01247 e-con-full e-flex e-con e-child\" data-id=\"1c01247\" data-element_type=\"container\" data-e-type=\"container\">\n\t\t\t\t<div class=\"elementor-element elementor-element-beddca3 elementor-widget elementor-widget-heading\" data-id=\"beddca3\" data-element_type=\"widget\" data-e-type=\"widget\" data-widget_type=\"heading.default\">\n\t\t\t\t<div class=\"elementor-widget-container\">\n\t\t\t\t\t<h1 class=\"elementor-heading-title elementor-size-default\">Reserve agora<\/h1>\t\t\t\t<\/div>\n\t\t\t\t<\/div>\n\t\t\t\t<div class=\"elementor-element elementor-element-6f6ef40 elementor-widget elementor-widget-mphbe-search-form\" data-id=\"6f6ef40\" data-element_type=\"widget\" data-e-type=\"widget\" data-settings=\"{&quot;hide_labels&quot;:&quot;no&quot;,&quot;no_paddings&quot;:&quot;no&quot;,&quot;hide_tips&quot;:&quot;no&quot;,&quot;multiple_lines&quot;:&quot;no&quot;,&quot;stretch_btn&quot;:&quot;no&quot;}\" data-widget_type=\"mphbe-search-form.default\">\n\t\t\t\t<div class=\"elementor-widget-container\">\n\t\t\t\t\t<div class=\"mphb_sc_search-wrapper is-style-default \">\n<form method=\"GET\" class=\"mphb_sc_search-form\" action=\"https:\/\/haraslastordillas.com\/pt-br\/resultados-da-pesquisa\/\" data-first_available_check_in_date=\"2026-04-27\">\n\n\t\n\t<p class=\"mphb_sc_search-check-in-date\">\n\t\t<label for=\"mphb_check_in_date-mphb-search-form-69ecb6440a4f2\">\n\t\t\tCheckin\t\t\t<abbr title=\"Formatado como dd\/mm\/yyyy\">*<\/abbr>\n\t\t<\/label>\n\t\t<br \/>\n\t\t<input\n\t\t\tid=\"mphb_check_in_date-mphb-search-form-69ecb6440a4f2\"\n\t\t\tdata-datepick-group=\"mphb-search-form-69ecb6440a4f2\"\n\t\t\tvalue=\"\"\n\t\t\tplaceholder=\"Data do Checkin\"\n\t\t\trequired=\"required\"\n\t\t\ttype=\"text\"\n\t\t\tinputmode=\"none\"\n\t\t\tname=\"mphb_check_in_date\"\n\t\t\tclass=\"mphb-datepick\"\n\t\t\tautocomplete=\"off\"\n\t\t\t\/>\n\t<\/p>\n\n\t<p class=\"mphb_sc_search-check-out-date\">\n\t\t<label for=\"mphb_check_out_date-mphb-search-form-69ecb6440a4f2\">\n\t\t\tCheckout\t\t\t<abbr title=\"Formatado como dd\/mm\/yyyy\">*<\/abbr>\n\t\t<\/label>\n\t\t<br \/>\n\t\t<input\n\t\t\tid=\"mphb_check_out_date-mphb-search-form-69ecb6440a4f2\"\n\t\t\tdata-datepick-group=\"mphb-search-form-69ecb6440a4f2\"\n\t\t\tvalue=\"\"\n\t\t\tplaceholder=\"Data do Checkout\"\n\t\t\trequired=\"required\"\n\t\t\ttype=\"text\"\n\t\t\tinputmode=\"none\"\n\t\t\tname=\"mphb_check_out_date\"\n\t\t\tclass=\"mphb-datepick\"\n\t\t\tautocomplete=\"off\"\n\t\t\t\/>\n\t<\/p>\n\n\t\t\t<p class=\"mphb_sc_search-adults\">\n\t\t\t<label for=\"mphb_adults-mphb-search-form-69ecb6440a4f2\">\n\t\t\t\tConvidados\t\t\t<\/label>\n\t\t\t<br \/>\n\t\t\t<select id=\"mphb_adults-mphb-search-form-69ecb6440a4f2\" name=\"mphb_adults\" >\n\t\t\t\t\t\t\t\t\t<option value=\"1\"  selected='selected'>1<\/option>\n\t\t\t\t\t\t\t\t\t<option value=\"2\" >2<\/option>\n\t\t\t\t\t\t\t\t\t<option value=\"3\" >3<\/option>\n\t\t\t\t\t\t\t\t\t<option value=\"4\" >4<\/option>\n\t\t\t\t\t\t\t\t\t<option value=\"5\" >5<\/option>\n\t\t\t\t\t\t\t\t\t<option value=\"6\" >6<\/option>\n\t\t\t\t\t\t\t\t\t<option value=\"7\" >7<\/option>\n\t\t\t\t\t\t\t\t\t<option value=\"8\" >8<\/option>\n\t\t\t\t\t\t\t\t\t<option value=\"9\" >9<\/option>\n\t\t\t\t\t\t\t\t\t<option value=\"10\" >10<\/option>\n\t\t\t\t\t\t\t<\/select>\n\t\t<\/p>\n\t\n\t\t\t<input type=\"hidden\" id=\"mphb_children-mphb-search-form-69ecb6440a4f2\" name=\"mphb_children\" value=\"0\" \/>\n\t\n\t\n\t\n\t<input id=\"mphb_check_in_date-mphb-search-form-69ecb6440a4f2-hidden\" value=\"\" type=\"hidden\" name=\"mphb_check_in_date\" \/><input id=\"mphb_check_out_date-mphb-search-form-69ecb6440a4f2-hidden\" value=\"\" type=\"hidden\" name=\"mphb_check_out_date\" \/>\n\t<p class=\"mphb_sc_search-submit-button-wrapper\">\n\t\t<input type=\"submit\" class=\"button\" value=\"Busca\"\/>\n\t<\/p>\n\n\t\n<\/form>\n<\/div>\t\t\t\t<\/div>\n\t\t\t\t<\/div>\n\t\t\t\t<\/div>\n\t\t<div class=\"elementor-element elementor-element-0a3049e e-con-full e-flex e-con e-child\" data-id=\"0a3049e\" data-element_type=\"container\" data-e-type=\"container\" data-settings=\"{&quot;background_background&quot;:&quot;classic&quot;}\">\n\t\t\t\t<div class=\"elementor-element elementor-element-c4cf967 elementor-widget elementor-widget-spacer\" data-id=\"c4cf967\" data-element_type=\"widget\" data-e-type=\"widget\" data-widget_type=\"spacer.default\">\n\t\t\t\t<div class=\"elementor-widget-container\">\n\t\t\t\t\t\t\t<div class=\"elementor-spacer\">\n\t\t\t<div class=\"elementor-spacer-inner\"><\/div>\n\t\t<\/div>\n\t\t\t\t\t\t<\/div>\n\t\t\t\t<\/div>\n\t\t\t\t<\/div>\n\t\t\t\t<\/div>\n\t\t\t\t<\/div>\n\t\t","protected":false},"excerpt":{"rendered":"<p>Reserve agora Check-in * Check-out * Guests 12345678910<\/p>\n","protected":false},"author":1,"featured_media":471,"parent":0,"menu_order":0,"comment_status":"closed","ping_status":"closed","template":"elementor_header_footer","meta":{"_monsterinsights_skip_tracking":false,"_monsterinsights_sitenote_active":false,"_monsterinsights_sitenote_note":"","_monsterinsights_sitenote_category":0,"footnotes":""},"class_list":["post-643","page","type-page","status-publish","has-post-thumbnail","hentry"],"yoast_head":"<!-- This site is optimized with the Yoast SEO plugin v27.3 - https:\/\/yoast.com\/product\/yoast-seo-wordpress\/ -->\n<title>Reserve Sua Estadia No Haras Las Tordillas | Reserve Agora<\/title>\n<meta name=\"description\" content=\"Pronto para uma experi\u00eancia inesquec\u00edvel no Uruguai? Reserve sua estadia no Haras Las Tordillas agora. Desfrute de acomoda\u00e7\u00f5es de luxo.\" \/>\n<meta name=\"robots\" content=\"index, follow, max-snippet:-1, max-image-preview:large, max-video-preview:-1\" \/>\n<link rel=\"canonical\" href=\"https:\/\/haraslastordillas.com\/pt-br\/reserve-agora\/\" \/>\n<meta property=\"og:locale\" content=\"pt_BR\" \/>\n<meta property=\"og:type\" content=\"article\" \/>\n<meta property=\"og:title\" content=\"Reserve Sua Estadia No Haras Las Tordillas | Reserve Agora\" \/>\n<meta property=\"og:description\" content=\"Pronto para uma experi\u00eancia inesquec\u00edvel no Uruguai? Reserve sua estadia no Haras Las Tordillas agora. Desfrute de acomoda\u00e7\u00f5es de luxo.\" \/>\n<meta property=\"og:url\" content=\"https:\/\/haraslastordillas.com\/pt-br\/reserve-agora\/\" \/>\n<meta property=\"og:site_name\" content=\"Haras Las Tordillas\" \/>\n<meta property=\"article:modified_time\" content=\"2024-02-22T19:25:12+00:00\" \/>\n<meta property=\"og:image\" content=\"https:\/\/haraslastordillas.com\/wp-content\/uploads\/2023\/12\/Caballos.jpg\" \/>\n\t<meta property=\"og:image:width\" content=\"800\" \/>\n\t<meta property=\"og:image:height\" content=\"534\" \/>\n\t<meta property=\"og:image:type\" content=\"image\/jpeg\" \/>\n<meta name=\"twitter:card\" content=\"summary_large_image\" \/>\n<script type=\"application\/ld+json\" class=\"yoast-schema-graph\">{\"@context\":\"https:\\\/\\\/schema.org\",\"@graph\":[{\"@type\":\"WebPage\",\"@id\":\"https:\\\/\\\/haraslastordillas.com\\\/pt-br\\\/reserve-agora\\\/\",\"url\":\"https:\\\/\\\/haraslastordillas.com\\\/pt-br\\\/reserve-agora\\\/\",\"name\":\"Reserve Sua Estadia No Haras Las Tordillas | Reserve Agora\",\"isPartOf\":{\"@id\":\"https:\\\/\\\/haraslastordillas.com\\\/pt-br\\\/#website\"},\"primaryImageOfPage\":{\"@id\":\"https:\\\/\\\/haraslastordillas.com\\\/pt-br\\\/reserve-agora\\\/#primaryimage\"},\"image\":{\"@id\":\"https:\\\/\\\/haraslastordillas.com\\\/pt-br\\\/reserve-agora\\\/#primaryimage\"},\"thumbnailUrl\":\"https:\\\/\\\/haraslastordillas.com\\\/wp-content\\\/uploads\\\/2023\\\/12\\\/Caballos.jpg\",\"datePublished\":\"2023-11-28T17:52:02+00:00\",\"dateModified\":\"2024-02-22T19:25:12+00:00\",\"description\":\"Pronto para uma experi\u00eancia inesquec\u00edvel no Uruguai? Reserve sua estadia no Haras Las Tordillas agora. Desfrute de acomoda\u00e7\u00f5es de luxo.\",\"breadcrumb\":{\"@id\":\"https:\\\/\\\/haraslastordillas.com\\\/pt-br\\\/reserve-agora\\\/#breadcrumb\"},\"inLanguage\":\"pt-BR\",\"potentialAction\":[{\"@type\":\"ReadAction\",\"target\":[\"https:\\\/\\\/haraslastordillas.com\\\/pt-br\\\/reserve-agora\\\/\"]}]},{\"@type\":\"ImageObject\",\"inLanguage\":\"pt-BR\",\"@id\":\"https:\\\/\\\/haraslastordillas.com\\\/pt-br\\\/reserve-agora\\\/#primaryimage\",\"url\":\"https:\\\/\\\/haraslastordillas.com\\\/wp-content\\\/uploads\\\/2023\\\/12\\\/Caballos.jpg\",\"contentUrl\":\"https:\\\/\\\/haraslastordillas.com\\\/wp-content\\\/uploads\\\/2023\\\/12\\\/Caballos.jpg\",\"width\":800,\"height\":534,\"caption\":\"Horses\"},{\"@type\":\"BreadcrumbList\",\"@id\":\"https:\\\/\\\/haraslastordillas.com\\\/pt-br\\\/reserve-agora\\\/#breadcrumb\",\"itemListElement\":[{\"@type\":\"ListItem\",\"position\":1,\"name\":\"Home\",\"item\":\"https:\\\/\\\/haraslastordillas.com\\\/pt-br\\\/\"},{\"@type\":\"ListItem\",\"position\":2,\"name\":\"Reserve agora\"}]},{\"@type\":\"WebSite\",\"@id\":\"https:\\\/\\\/haraslastordillas.com\\\/pt-br\\\/#website\",\"url\":\"https:\\\/\\\/haraslastordillas.com\\\/pt-br\\\/\",\"name\":\"Haras Las Tordillas\",\"description\":\"Uruguay\",\"publisher\":{\"@id\":\"https:\\\/\\\/haraslastordillas.com\\\/pt-br\\\/#organization\"},\"potentialAction\":[{\"@type\":\"SearchAction\",\"target\":{\"@type\":\"EntryPoint\",\"urlTemplate\":\"https:\\\/\\\/haraslastordillas.com\\\/pt-br\\\/?s={search_term_string}\"},\"query-input\":{\"@type\":\"PropertyValueSpecification\",\"valueRequired\":true,\"valueName\":\"search_term_string\"}}],\"inLanguage\":\"pt-BR\"},{\"@type\":\"Organization\",\"@id\":\"https:\\\/\\\/haraslastordillas.com\\\/pt-br\\\/#organization\",\"name\":\"Haras Las Tordillas\",\"url\":\"https:\\\/\\\/haraslastordillas.com\\\/pt-br\\\/\",\"logo\":{\"@type\":\"ImageObject\",\"inLanguage\":\"pt-BR\",\"@id\":\"https:\\\/\\\/haraslastordillas.com\\\/pt-br\\\/#\\\/schema\\\/logo\\\/image\\\/\",\"url\":\"https:\\\/\\\/haraslastordillas.com\\\/wp-content\\\/uploads\\\/2023\\\/11\\\/logo-haras.png\",\"contentUrl\":\"https:\\\/\\\/haraslastordillas.com\\\/wp-content\\\/uploads\\\/2023\\\/11\\\/logo-haras.png\",\"width\":400,\"height\":182,\"caption\":\"Haras Las Tordillas\"},\"image\":{\"@id\":\"https:\\\/\\\/haraslastordillas.com\\\/pt-br\\\/#\\\/schema\\\/logo\\\/image\\\/\"}}]}<\/script>\n<!-- \/ Yoast SEO plugin. -->","yoast_head_json":{"title":"Reserve Sua Estadia No Haras Las Tordillas | Reserve Agora","description":"Pronto para uma experi\u00eancia inesquec\u00edvel no Uruguai? Reserve sua estadia no Haras Las Tordillas agora. Desfrute de acomoda\u00e7\u00f5es de luxo.","robots":{"index":"index","follow":"follow","max-snippet":"max-snippet:-1","max-image-preview":"max-image-preview:large","max-video-preview":"max-video-preview:-1"},"canonical":"https:\/\/haraslastordillas.com\/pt-br\/reserve-agora\/","og_locale":"pt_BR","og_type":"article","og_title":"Reserve Sua Estadia No Haras Las Tordillas | Reserve Agora","og_description":"Pronto para uma experi\u00eancia inesquec\u00edvel no Uruguai? Reserve sua estadia no Haras Las Tordillas agora. Desfrute de acomoda\u00e7\u00f5es de luxo.","og_url":"https:\/\/haraslastordillas.com\/pt-br\/reserve-agora\/","og_site_name":"Haras Las Tordillas","article_modified_time":"2024-02-22T19:25:12+00:00","og_image":[{"width":800,"height":534,"url":"https:\/\/haraslastordillas.com\/wp-content\/uploads\/2023\/12\/Caballos.jpg","type":"image\/jpeg"}],"twitter_card":"summary_large_image","schema":{"@context":"https:\/\/schema.org","@graph":[{"@type":"WebPage","@id":"https:\/\/haraslastordillas.com\/pt-br\/reserve-agora\/","url":"https:\/\/haraslastordillas.com\/pt-br\/reserve-agora\/","name":"Reserve Sua Estadia No Haras Las Tordillas | Reserve Agora","isPartOf":{"@id":"https:\/\/haraslastordillas.com\/pt-br\/#website"},"primaryImageOfPage":{"@id":"https:\/\/haraslastordillas.com\/pt-br\/reserve-agora\/#primaryimage"},"image":{"@id":"https:\/\/haraslastordillas.com\/pt-br\/reserve-agora\/#primaryimage"},"thumbnailUrl":"https:\/\/haraslastordillas.com\/wp-content\/uploads\/2023\/12\/Caballos.jpg","datePublished":"2023-11-28T17:52:02+00:00","dateModified":"2024-02-22T19:25:12+00:00","description":"Pronto para uma experi\u00eancia inesquec\u00edvel no Uruguai? Reserve sua estadia no Haras Las Tordillas agora. Desfrute de acomoda\u00e7\u00f5es de luxo.","breadcrumb":{"@id":"https:\/\/haraslastordillas.com\/pt-br\/reserve-agora\/#breadcrumb"},"inLanguage":"pt-BR","potentialAction":[{"@type":"ReadAction","target":["https:\/\/haraslastordillas.com\/pt-br\/reserve-agora\/"]}]},{"@type":"ImageObject","inLanguage":"pt-BR","@id":"https:\/\/haraslastordillas.com\/pt-br\/reserve-agora\/#primaryimage","url":"https:\/\/haraslastordillas.com\/wp-content\/uploads\/2023\/12\/Caballos.jpg","contentUrl":"https:\/\/haraslastordillas.com\/wp-content\/uploads\/2023\/12\/Caballos.jpg","width":800,"height":534,"caption":"Horses"},{"@type":"BreadcrumbList","@id":"https:\/\/haraslastordillas.com\/pt-br\/reserve-agora\/#breadcrumb","itemListElement":[{"@type":"ListItem","position":1,"name":"Home","item":"https:\/\/haraslastordillas.com\/pt-br\/"},{"@type":"ListItem","position":2,"name":"Reserve agora"}]},{"@type":"WebSite","@id":"https:\/\/haraslastordillas.com\/pt-br\/#website","url":"https:\/\/haraslastordillas.com\/pt-br\/","name":"Haras Las Tordillas","description":"Uruguay","publisher":{"@id":"https:\/\/haraslastordillas.com\/pt-br\/#organization"},"potentialAction":[{"@type":"SearchAction","target":{"@type":"EntryPoint","urlTemplate":"https:\/\/haraslastordillas.com\/pt-br\/?s={search_term_string}"},"query-input":{"@type":"PropertyValueSpecification","valueRequired":true,"valueName":"search_term_string"}}],"inLanguage":"pt-BR"},{"@type":"Organization","@id":"https:\/\/haraslastordillas.com\/pt-br\/#organization","name":"Haras Las Tordillas","url":"https:\/\/haraslastordillas.com\/pt-br\/","logo":{"@type":"ImageObject","inLanguage":"pt-BR","@id":"https:\/\/haraslastordillas.com\/pt-br\/#\/schema\/logo\/image\/","url":"https:\/\/haraslastordillas.com\/wp-content\/uploads\/2023\/11\/logo-haras.png","contentUrl":"https:\/\/haraslastordillas.com\/wp-content\/uploads\/2023\/11\/logo-haras.png","width":400,"height":182,"caption":"Haras Las Tordillas"},"image":{"@id":"https:\/\/haraslastordillas.com\/pt-br\/#\/schema\/logo\/image\/"}}]}},"_links":{"self":[{"href":"https:\/\/haraslastordillas.com\/pt-br\/wp-json\/wp\/v2\/pages\/643","targetHints":{"allow":["GET"]}}],"collection":[{"href":"https:\/\/haraslastordillas.com\/pt-br\/wp-json\/wp\/v2\/pages"}],"about":[{"href":"https:\/\/haraslastordillas.com\/pt-br\/wp-json\/wp\/v2\/types\/page"}],"author":[{"embeddable":true,"href":"https:\/\/haraslastordillas.com\/pt-br\/wp-json\/wp\/v2\/users\/1"}],"replies":[{"embeddable":true,"href":"https:\/\/haraslastordillas.com\/pt-br\/wp-json\/wp\/v2\/comments?post=643"}],"version-history":[{"count":5,"href":"https:\/\/haraslastordillas.com\/pt-br\/wp-json\/wp\/v2\/pages\/643\/revisions"}],"predecessor-version":[{"id":774,"href":"https:\/\/haraslastordillas.com\/pt-br\/wp-json\/wp\/v2\/pages\/643\/revisions\/774"}],"wp:featuredmedia":[{"embeddable":true,"href":"https:\/\/haraslastordillas.com\/pt-br\/wp-json\/wp\/v2\/media\/471"}],"wp:attachment":[{"href":"https:\/\/haraslastordillas.com\/pt-br\/wp-json\/wp\/v2\/media?parent=643"}],"curies":[{"name":"wp","href":"https:\/\/api.w.org\/{rel}","templated":true}]}}