{"id":640,"date":"2023-11-28T14:45:47","date_gmt":"2023-11-28T17:45:47","guid":{"rendered":"https:\/\/haraslastordillas.com\/acomodacoes\/"},"modified":"2024-02-22T16:24:16","modified_gmt":"2024-02-22T19:24:16","slug":"acomodacoes","status":"publish","type":"page","link":"https:\/\/haraslastordillas.com\/pt-br\/acomodacoes\/","title":{"rendered":"Acomoda\u00e7\u00f5es"},"content":{"rendered":"\t\t<div data-elementor-type=\"wp-page\" data-elementor-id=\"640\" class=\"elementor elementor-640 elementor-8\" data-elementor-post-type=\"page\">\n\t\t\t\t<div class=\"elementor-element elementor-element-64da4188 e-con-full e-flex e-con e-parent\" data-id=\"64da4188\" data-element_type=\"container\" data-e-type=\"container\">\n\t\t\t\t<div class=\"elementor-element elementor-element-65d22bc elementor-widget elementor-widget-heading\" data-id=\"65d22bc\" data-element_type=\"widget\" data-e-type=\"widget\" data-widget_type=\"heading.default\">\n\t\t\t\t<div class=\"elementor-widget-container\">\n\t\t\t\t\t<h1 class=\"elementor-heading-title elementor-size-default\">Nossas acomoda\u00e7\u00f5es<\/h1>\t\t\t\t<\/div>\n\t\t\t\t<\/div>\n\t\t\t\t<div class=\"elementor-element elementor-element-ee8050e elementor-widget elementor-widget-mphbe-rooms\" data-id=\"ee8050e\" data-element_type=\"widget\" data-e-type=\"widget\" data-widget_type=\"mphbe-rooms.default\">\n\t\t\t\t<div class=\"elementor-widget-container\">\n\t\t\t\t\t<div class=\"mphb_sc_rooms-wrapper mphb-room-types is-style-minimalistic\">    <div class=\"loop-rooms-wrapper\">\n\t\n<div class=\"mphb-room-type post-680 mphb_room_type type-mphb_room_type status-publish has-post-thumbnail mphb_room_type_category-cabana-standard-pt-br mphb-room-type-adults-2 mphb-room-type-children-0 \">\n\n\t\n\t<div class=\"loop-room-wrapper\">\n\t\t\t\t\t<div class=\"loop-room-images-wrapper\">\n\t\t\t\t<div class=\"loop-room-categories\"><a href=\"https:\/\/haraslastordillas.com\/pt-br\/accommodation-category\/cabana-standard-pt-br\/\" rel=\"tag\">Cabana standard<\/a><\/div>\n\n\t<p class=\"post-thumbnail mphb-loop-room-thumbnail\">\n\t<a href=\"https:\/\/haraslastordillas.com\/pt-br\/accommodation\/cabana-standard\/\">\n\t<img fetchpriority=\"high\" decoding=\"async\" width=\"892\" height=\"892\" src=\"https:\/\/haraslastordillas.com\/wp-content\/uploads\/2023\/12\/standard-01-2-892x892.jpg\" class=\"attachment-booklium-square size-booklium-square wp-post-image\" alt=\"\" srcset=\"https:\/\/haraslastordillas.com\/wp-content\/uploads\/2023\/12\/standard-01-2-892x892.jpg 892w, https:\/\/haraslastordillas.com\/wp-content\/uploads\/2023\/12\/standard-01-2-150x150.jpg 150w\" sizes=\"(max-width: 892px) 100vw, 892px\" \/>\t<\/a>\n\n\t<\/p>\n\t\t\t<\/div>\n\t\t\t\t\t\t<div class=\"loop-room-info-wrapper\">\n\t\t\t\t\n<h2 class=\"mphb-room-type-title entry-title\">\n\n<a class=\"mphb-room-type-title\" href=\"https:\/\/haraslastordillas.com\/pt-br\/accommodation\/cabana-standard\/\">Cabana Standard<\/a>\n\n<\/h2>    <ul class=\"loop-room-short-attributes\">\n\t\n\n\t<li class=\"mphb-room-type-adults-capacity\"><span class=\"mphb-attribute-title mphb-adults-title\">Convidados:<\/span><span class=\"mphb-attribute-value\">\n\t2\n\t<\/span><\/li>\n\t\n\n\n    <\/ul>\n\t\n\n<p>\u00cdntima e encantadora, perfeita para um retiro sereno.<\/p>\n\n\n<ul class=\"mphb-loop-room-type-attributes\">\n\n\n\n\n\n\n\t<li class=\"mphb-room-type-categories\"><span class=\"mphb-attribute-title mphb-categories-title\">Categorias:<\/span><span class=\"mphb-attribute-value\"> <span class=\"category-cabana-standard-pt-br\"><a href=\"https:\/\/haraslastordillas.com\/pt-br\/accommodation-category\/cabana-standard-pt-br\/\">Cabana standard<\/a><\/span><\/span><\/li>\n\t\n\n<\/ul>\t\t\t<\/div>\n\t\t\t\t\t<div class=\"loop-room-book-wrapper\">\n\t\t\t\t\n\n\t<p class=\"mphb-regular-price\"><strong>Pre\u00e7o de:<\/strong>\n\t<span class=\"mphb-price\"><span class=\"mphb-currency\">USD<\/span>190<\/span> <span class=\"mphb-price-period\" title=\"Escolha as datas para ver os pre\u00e7os relevantes\">por noite<\/span>\n\t<\/p>\n\t\n<div class=\"mphb-to-book-btn-wrapper\">\n<form action=\"https:\/\/haraslastordillas.com\/pt-br\/accommodation\/cabana-standard\/#booking-form-680\" method=\"get\" ><button type=\"submit\" class=\"button mphb-book-button\" >Reservar<\/button><\/form>\n<br\/><\/div>\n<p class=\"mphb-view-details-button-wrapper\">\n<a class=\"button mphb-view-details-button\" href=\"https:\/\/haraslastordillas.com\/pt-br\/accommodation\/cabana-standard\/\" >Ver Detalhes<\/a>\n<\/p>\t\t\t<\/div>\n\t\t\n\t<\/div>\n\t\n<\/div>\n\n<div class=\"mphb-room-type post-679 mphb_room_type type-mphb_room_type status-publish has-post-thumbnail mphb_room_type_category-cabana-superior-pt-br mphb-room-type-adults-4 mphb-room-type-children-0 \">\n\n\t\n\t<div class=\"loop-room-wrapper\">\n\t\t\t\t\t<div class=\"loop-room-images-wrapper\">\n\t\t\t\t<div class=\"loop-room-categories\"><a href=\"https:\/\/haraslastordillas.com\/pt-br\/accommodation-category\/cabana-superior-pt-br\/\" rel=\"tag\">Cabana superior<\/a><\/div>\n\n\t<p class=\"post-thumbnail mphb-loop-room-thumbnail\">\n\t<a href=\"https:\/\/haraslastordillas.com\/pt-br\/accommodation\/cabana-superior\/\">\n\t<img decoding=\"async\" width=\"892\" height=\"892\" src=\"https:\/\/haraslastordillas.com\/wp-content\/uploads\/2023\/12\/Las-Tordillas-88-1-892x892.jpg\" class=\"attachment-booklium-square size-booklium-square wp-post-image\" alt=\"\" srcset=\"https:\/\/haraslastordillas.com\/wp-content\/uploads\/2023\/12\/Las-Tordillas-88-1-892x892.jpg 892w, https:\/\/haraslastordillas.com\/wp-content\/uploads\/2023\/12\/Las-Tordillas-88-1-150x150.jpg 150w\" sizes=\"(max-width: 892px) 100vw, 892px\" \/>\t<\/a>\n\n\t<\/p>\n\t\t\t<\/div>\n\t\t\t\t\t\t<div class=\"loop-room-info-wrapper\">\n\t\t\t\t\n<h2 class=\"mphb-room-type-title entry-title\">\n\n<a class=\"mphb-room-type-title\" href=\"https:\/\/haraslastordillas.com\/pt-br\/accommodation\/cabana-superior\/\">Cabana Superior<\/a>\n\n<\/h2>    <ul class=\"loop-room-short-attributes\">\n\t\n\n\t<li class=\"mphb-room-type-adults-capacity\"><span class=\"mphb-attribute-title mphb-adults-title\">Convidados:<\/span><span class=\"mphb-attribute-value\">\n\t4\n\t<\/span><\/li>\n\t\n\n\n    <\/ul>\n\t\n\n<p>Espa\u00e7o luxuoso com vistas incr\u00edveis para uma estadia \u00f3tima.<\/p>\n\n\n<ul class=\"mphb-loop-room-type-attributes\">\n\n\n\n\n\n\n\t<li class=\"mphb-room-type-categories\"><span class=\"mphb-attribute-title mphb-categories-title\">Categorias:<\/span><span class=\"mphb-attribute-value\"> <span class=\"category-cabana-superior-pt-br\"><a href=\"https:\/\/haraslastordillas.com\/pt-br\/accommodation-category\/cabana-superior-pt-br\/\">Cabana superior<\/a><\/span><\/span><\/li>\n\t\n\n<\/ul>\t\t\t<\/div>\n\t\t\t\t\t<div class=\"loop-room-book-wrapper\">\n\t\t\t\t\n\n\t<p class=\"mphb-regular-price\"><strong>Pre\u00e7o de:<\/strong>\n\t<span class=\"mphb-price\"><span class=\"mphb-currency\">USD<\/span>290<\/span> <span class=\"mphb-price-period\" title=\"Escolha as datas para ver os pre\u00e7os relevantes\">por noite<\/span>\n\t<\/p>\n\t\n<div class=\"mphb-to-book-btn-wrapper\">\n<form action=\"https:\/\/haraslastordillas.com\/pt-br\/accommodation\/cabana-superior\/#booking-form-679\" method=\"get\" ><button type=\"submit\" class=\"button mphb-book-button\" >Reservar<\/button><\/form>\n<br\/><\/div>\n<p class=\"mphb-view-details-button-wrapper\">\n<a class=\"button mphb-view-details-button\" href=\"https:\/\/haraslastordillas.com\/pt-br\/accommodation\/cabana-superior\/\" >Ver Detalhes<\/a>\n<\/p>\t\t\t<\/div>\n\t\t\n\t<\/div>\n\t\n<\/div>\n\n<div class=\"mphb-room-type post-678 mphb_room_type type-mphb_room_type status-publish has-post-thumbnail mphb_room_type_category-casa-principal-pt-br mphb-room-type-adults-2 mphb-room-type-children-0 \">\n\n\t\n\t<div class=\"loop-room-wrapper\">\n\t\t\t\t\t<div class=\"loop-room-images-wrapper\">\n\t\t\t\t<div class=\"loop-room-categories\"><a href=\"https:\/\/haraslastordillas.com\/pt-br\/accommodation-category\/casa-principal-pt-br\/\" rel=\"tag\">Casa principal<\/a><\/div>\n\n\t<p class=\"post-thumbnail mphb-loop-room-thumbnail\">\n\t<a href=\"https:\/\/haraslastordillas.com\/pt-br\/accommodation\/casa-principal\/\">\n\t<img decoding=\"async\" width=\"892\" height=\"892\" src=\"https:\/\/haraslastordillas.com\/wp-content\/uploads\/2023\/12\/Las-Tordillas-41-1-892x892.jpg\" class=\"attachment-booklium-square size-booklium-square wp-post-image\" alt=\"\" srcset=\"https:\/\/haraslastordillas.com\/wp-content\/uploads\/2023\/12\/Las-Tordillas-41-1-892x892.jpg 892w, https:\/\/haraslastordillas.com\/wp-content\/uploads\/2023\/12\/Las-Tordillas-41-1-150x150.jpg 150w\" sizes=\"(max-width: 892px) 100vw, 892px\" \/>\t<\/a>\n\n\t<\/p>\n\t\t\t<\/div>\n\t\t\t\t\t\t<div class=\"loop-room-info-wrapper\">\n\t\t\t\t\n<h2 class=\"mphb-room-type-title entry-title\">\n\n<a class=\"mphb-room-type-title\" href=\"https:\/\/haraslastordillas.com\/pt-br\/accommodation\/casa-principal\/\">Casa Principal<\/a>\n\n<\/h2>    <ul class=\"loop-room-short-attributes\">\n\t\n\n\t<li class=\"mphb-room-type-adults-capacity\"><span class=\"mphb-attribute-title mphb-adults-title\">Convidados:<\/span><span class=\"mphb-attribute-value\">\n\t2\n\t<\/span><\/li>\n\t\n\n\n    <\/ul>\n\t\n\n<p>Combinando conforto e eleg\u00e2ncia, ideal para um retiro de casal.<\/p>\n\n\n<ul class=\"mphb-loop-room-type-attributes\">\n\n\n\n\n\n\n\t<li class=\"mphb-room-type-categories\"><span class=\"mphb-attribute-title mphb-categories-title\">Categorias:<\/span><span class=\"mphb-attribute-value\"> <span class=\"category-casa-principal-pt-br\"><a href=\"https:\/\/haraslastordillas.com\/pt-br\/accommodation-category\/casa-principal-pt-br\/\">Casa principal<\/a><\/span><\/span><\/li>\n\t\n\n<\/ul>\t\t\t<\/div>\n\t\t\t\t\t<div class=\"loop-room-book-wrapper\">\n\t\t\t\t\n\n\t<p class=\"mphb-regular-price\"><strong>Pre\u00e7o de:<\/strong>\n\t<span class=\"mphb-price\"><span class=\"mphb-currency\">USD<\/span>260<\/span> <span class=\"mphb-price-period\" title=\"Escolha as datas para ver os pre\u00e7os relevantes\">por noite<\/span>\n\t<\/p>\n\t\n<div class=\"mphb-to-book-btn-wrapper\">\n<form action=\"https:\/\/haraslastordillas.com\/pt-br\/accommodation\/casa-principal\/#booking-form-678\" method=\"get\" ><button type=\"submit\" class=\"button mphb-book-button\" >Reservar<\/button><\/form>\n<br\/><\/div>\n<p class=\"mphb-view-details-button-wrapper\">\n<a class=\"button mphb-view-details-button\" href=\"https:\/\/haraslastordillas.com\/pt-br\/accommodation\/casa-principal\/\" >Ver Detalhes<\/a>\n<\/p>\t\t\t<\/div>\n\t\t\n\t<\/div>\n\t\n<\/div>\n\n<div class=\"mphb-room-type post-677 mphb_room_type type-mphb_room_type status-publish has-post-thumbnail mphb_room_type_category-estabulo-reciclado mphb-room-type-adults-6 mphb-room-type-children-0 \">\n\n\t\n\t<div class=\"loop-room-wrapper\">\n\t\t\t\t\t<div class=\"loop-room-images-wrapper\">\n\t\t\t\t<div class=\"loop-room-categories\"><a href=\"https:\/\/haraslastordillas.com\/pt-br\/accommodation-category\/estabulo-reciclado\/\" rel=\"tag\">Est\u00e1bulo Reciclado<\/a><\/div>\n\n\t<p class=\"post-thumbnail mphb-loop-room-thumbnail\">\n\t<a href=\"https:\/\/haraslastordillas.com\/pt-br\/accommodation\/estabulo-reciclado\/\">\n\t<img loading=\"lazy\" decoding=\"async\" width=\"892\" height=\"866\" src=\"https:\/\/haraslastordillas.com\/wp-content\/uploads\/2023\/12\/establo-1-892x866.jpg\" class=\"attachment-booklium-square size-booklium-square wp-post-image\" alt=\"\" \/>\t<\/a>\n\n\t<\/p>\n\t\t\t<\/div>\n\t\t\t\t\t\t<div class=\"loop-room-info-wrapper\">\n\t\t\t\t\n<h2 class=\"mphb-room-type-title entry-title\">\n\n<a class=\"mphb-room-type-title\" href=\"https:\/\/haraslastordillas.com\/pt-br\/accommodation\/estabulo-reciclado\/\">Est\u00e1bulo Reciclado<\/a>\n\n<\/h2>    <ul class=\"loop-room-short-attributes\">\n\t\n\n\t<li class=\"mphb-room-type-adults-capacity\"><span class=\"mphb-attribute-title mphb-adults-title\">Convidados:<\/span><span class=\"mphb-attribute-value\">\n\t6\n\t<\/span><\/li>\n\t\n\n\n    <\/ul>\n\t\n\n<p>\u00danico e cheio de car\u00e1ter, oferecendo uma experi\u00eancia distinta.<\/p>\n\n\n<ul class=\"mphb-loop-room-type-attributes\">\n\n\n\n\n\n\n\t<li class=\"mphb-room-type-categories\"><span class=\"mphb-attribute-title mphb-categories-title\">Categorias:<\/span><span class=\"mphb-attribute-value\"> <span class=\"category-estabulo-reciclado\"><a href=\"https:\/\/haraslastordillas.com\/pt-br\/accommodation-category\/estabulo-reciclado\/\">Est\u00e1bulo Reciclado<\/a><\/span><\/span><\/li>\n\t\n\n<\/ul>\t\t\t<\/div>\n\t\t\t\t\t<div class=\"loop-room-book-wrapper\">\n\t\t\t\t\n\n\t<p class=\"mphb-regular-price\"><strong>Pre\u00e7o de:<\/strong>\n\t<span class=\"mphb-price\"><span class=\"mphb-currency\">USD<\/span>310<\/span> <span class=\"mphb-price-period\" title=\"Escolha as datas para ver os pre\u00e7os relevantes\">por noite<\/span>\n\t<\/p>\n\t\n<div class=\"mphb-to-book-btn-wrapper\">\n<form action=\"https:\/\/haraslastordillas.com\/pt-br\/accommodation\/estabulo-reciclado\/#booking-form-677\" method=\"get\" ><button type=\"submit\" class=\"button mphb-book-button\" >Reservar<\/button><\/form>\n<br\/><\/div>\n<p class=\"mphb-view-details-button-wrapper\">\n<a class=\"button mphb-view-details-button\" href=\"https:\/\/haraslastordillas.com\/pt-br\/accommodation\/estabulo-reciclado\/\" >Ver Detalhes<\/a>\n<\/p>\t\t\t<\/div>\n\t\t\n\t<\/div>\n\t\n<\/div>\n    <\/div>\n\t<\/div>\t\t\t\t<\/div>\n\t\t\t\t<\/div>\n\t\t\t\t<\/div>\n\t\t\t\t<\/div>\n\t\t","protected":false},"excerpt":{"rendered":"<p>Nossas acomoda\u00e7\u00f5es Standar cabin Standard Cabin Guests: 2 Intimate and charming, perfect for a serene retreat. Categories: Standar cabin Prices start at: USD180 per night Book View Details Superior cabin Superior Cabin Guests: 4 Luxurious space with stunning views for a comfortable stay. Categories: Superior cabin Prices start at: USD245 per night Book View Details [&hellip;]<\/p>\n","protected":false},"author":1,"featured_media":467,"parent":0,"menu_order":0,"comment_status":"closed","ping_status":"closed","template":"elementor_header_footer","meta":{"_monsterinsights_skip_tracking":false,"_monsterinsights_sitenote_active":false,"_monsterinsights_sitenote_note":"","_monsterinsights_sitenote_category":0,"footnotes":""},"class_list":["post-640","page","type-page","status-publish","has-post-thumbnail","hentry"],"yoast_head":"<!-- This site is optimized with the Yoast SEO plugin v27.3 - https:\/\/yoast.com\/product\/yoast-seo-wordpress\/ -->\n<title>Acomoda\u00e7\u00f5es De Luxo No Uruguai | Haras Las Tordillas<\/title>\n<meta name=\"description\" content=\"Explore as acomoda\u00e7\u00f5es de luxo no Haras Las Tordillas no Uruguai. Experimente a eleg\u00e2ncia e o conforto cercados pela beleza natural.\" \/>\n<meta name=\"robots\" content=\"index, follow, max-snippet:-1, max-image-preview:large, max-video-preview:-1\" \/>\n<link rel=\"canonical\" href=\"https:\/\/haraslastordillas.com\/pt-br\/acomodacoes\/\" \/>\n<meta property=\"og:locale\" content=\"pt_BR\" \/>\n<meta property=\"og:type\" content=\"article\" \/>\n<meta property=\"og:title\" content=\"Acomoda\u00e7\u00f5es De Luxo No Uruguai | Haras Las Tordillas\" \/>\n<meta property=\"og:description\" content=\"Explore as acomoda\u00e7\u00f5es de luxo no Haras Las Tordillas no Uruguai. Experimente a eleg\u00e2ncia e o conforto cercados pela beleza natural.\" \/>\n<meta property=\"og:url\" content=\"https:\/\/haraslastordillas.com\/pt-br\/acomodacoes\/\" \/>\n<meta property=\"og:site_name\" content=\"Haras Las Tordillas\" \/>\n<meta property=\"article:modified_time\" content=\"2024-02-22T19:24:16+00:00\" \/>\n<meta property=\"og:image\" content=\"https:\/\/haraslastordillas.com\/wp-content\/uploads\/2023\/12\/haras-hero-2.jpg\" \/>\n\t<meta property=\"og:image:width\" content=\"1400\" \/>\n\t<meta property=\"og:image:height\" content=\"932\" \/>\n\t<meta property=\"og:image:type\" content=\"image\/jpeg\" \/>\n<meta name=\"twitter:card\" content=\"summary_large_image\" \/>\n<meta name=\"twitter:label1\" content=\"Est. tempo de leitura\" \/>\n\t<meta name=\"twitter:data1\" content=\"1 minuto\" \/>\n<script type=\"application\/ld+json\" class=\"yoast-schema-graph\">{\"@context\":\"https:\\\/\\\/schema.org\",\"@graph\":[{\"@type\":\"WebPage\",\"@id\":\"https:\\\/\\\/haraslastordillas.com\\\/pt-br\\\/acomodacoes\\\/\",\"url\":\"https:\\\/\\\/haraslastordillas.com\\\/pt-br\\\/acomodacoes\\\/\",\"name\":\"Acomoda\u00e7\u00f5es De Luxo No Uruguai | Haras Las Tordillas\",\"isPartOf\":{\"@id\":\"https:\\\/\\\/haraslastordillas.com\\\/pt-br\\\/#website\"},\"primaryImageOfPage\":{\"@id\":\"https:\\\/\\\/haraslastordillas.com\\\/pt-br\\\/acomodacoes\\\/#primaryimage\"},\"image\":{\"@id\":\"https:\\\/\\\/haraslastordillas.com\\\/pt-br\\\/acomodacoes\\\/#primaryimage\"},\"thumbnailUrl\":\"https:\\\/\\\/haraslastordillas.com\\\/wp-content\\\/uploads\\\/2023\\\/12\\\/haras-hero-2.jpg\",\"datePublished\":\"2023-11-28T17:45:47+00:00\",\"dateModified\":\"2024-02-22T19:24:16+00:00\",\"description\":\"Explore as acomoda\u00e7\u00f5es de luxo no Haras Las Tordillas no Uruguai. Experimente a eleg\u00e2ncia e o conforto cercados pela beleza natural.\",\"breadcrumb\":{\"@id\":\"https:\\\/\\\/haraslastordillas.com\\\/pt-br\\\/acomodacoes\\\/#breadcrumb\"},\"inLanguage\":\"pt-BR\",\"potentialAction\":[{\"@type\":\"ReadAction\",\"target\":[\"https:\\\/\\\/haraslastordillas.com\\\/pt-br\\\/acomodacoes\\\/\"]}]},{\"@type\":\"ImageObject\",\"inLanguage\":\"pt-BR\",\"@id\":\"https:\\\/\\\/haraslastordillas.com\\\/pt-br\\\/acomodacoes\\\/#primaryimage\",\"url\":\"https:\\\/\\\/haraslastordillas.com\\\/wp-content\\\/uploads\\\/2023\\\/12\\\/haras-hero-2.jpg\",\"contentUrl\":\"https:\\\/\\\/haraslastordillas.com\\\/wp-content\\\/uploads\\\/2023\\\/12\\\/haras-hero-2.jpg\",\"width\":1400,\"height\":932,\"caption\":\"Haras las Tordillas\"},{\"@type\":\"BreadcrumbList\",\"@id\":\"https:\\\/\\\/haraslastordillas.com\\\/pt-br\\\/acomodacoes\\\/#breadcrumb\",\"itemListElement\":[{\"@type\":\"ListItem\",\"position\":1,\"name\":\"Home\",\"item\":\"https:\\\/\\\/haraslastordillas.com\\\/pt-br\\\/\"},{\"@type\":\"ListItem\",\"position\":2,\"name\":\"Acomoda\u00e7\u00f5es\"}]},{\"@type\":\"WebSite\",\"@id\":\"https:\\\/\\\/haraslastordillas.com\\\/pt-br\\\/#website\",\"url\":\"https:\\\/\\\/haraslastordillas.com\\\/pt-br\\\/\",\"name\":\"Haras Las Tordillas\",\"description\":\"Uruguay\",\"publisher\":{\"@id\":\"https:\\\/\\\/haraslastordillas.com\\\/pt-br\\\/#organization\"},\"potentialAction\":[{\"@type\":\"SearchAction\",\"target\":{\"@type\":\"EntryPoint\",\"urlTemplate\":\"https:\\\/\\\/haraslastordillas.com\\\/pt-br\\\/?s={search_term_string}\"},\"query-input\":{\"@type\":\"PropertyValueSpecification\",\"valueRequired\":true,\"valueName\":\"search_term_string\"}}],\"inLanguage\":\"pt-BR\"},{\"@type\":\"Organization\",\"@id\":\"https:\\\/\\\/haraslastordillas.com\\\/pt-br\\\/#organization\",\"name\":\"Haras Las Tordillas\",\"url\":\"https:\\\/\\\/haraslastordillas.com\\\/pt-br\\\/\",\"logo\":{\"@type\":\"ImageObject\",\"inLanguage\":\"pt-BR\",\"@id\":\"https:\\\/\\\/haraslastordillas.com\\\/pt-br\\\/#\\\/schema\\\/logo\\\/image\\\/\",\"url\":\"https:\\\/\\\/haraslastordillas.com\\\/wp-content\\\/uploads\\\/2023\\\/11\\\/logo-haras.png\",\"contentUrl\":\"https:\\\/\\\/haraslastordillas.com\\\/wp-content\\\/uploads\\\/2023\\\/11\\\/logo-haras.png\",\"width\":400,\"height\":182,\"caption\":\"Haras Las Tordillas\"},\"image\":{\"@id\":\"https:\\\/\\\/haraslastordillas.com\\\/pt-br\\\/#\\\/schema\\\/logo\\\/image\\\/\"}}]}<\/script>\n<!-- \/ Yoast SEO plugin. -->","yoast_head_json":{"title":"Acomoda\u00e7\u00f5es De Luxo No Uruguai | Haras Las Tordillas","description":"Explore as acomoda\u00e7\u00f5es de luxo no Haras Las Tordillas no Uruguai. Experimente a eleg\u00e2ncia e o conforto cercados pela beleza natural.","robots":{"index":"index","follow":"follow","max-snippet":"max-snippet:-1","max-image-preview":"max-image-preview:large","max-video-preview":"max-video-preview:-1"},"canonical":"https:\/\/haraslastordillas.com\/pt-br\/acomodacoes\/","og_locale":"pt_BR","og_type":"article","og_title":"Acomoda\u00e7\u00f5es De Luxo No Uruguai | Haras Las Tordillas","og_description":"Explore as acomoda\u00e7\u00f5es de luxo no Haras Las Tordillas no Uruguai. Experimente a eleg\u00e2ncia e o conforto cercados pela beleza natural.","og_url":"https:\/\/haraslastordillas.com\/pt-br\/acomodacoes\/","og_site_name":"Haras Las Tordillas","article_modified_time":"2024-02-22T19:24:16+00:00","og_image":[{"width":1400,"height":932,"url":"https:\/\/haraslastordillas.com\/wp-content\/uploads\/2023\/12\/haras-hero-2.jpg","type":"image\/jpeg"}],"twitter_card":"summary_large_image","twitter_misc":{"Est. tempo de leitura":"1 minuto"},"schema":{"@context":"https:\/\/schema.org","@graph":[{"@type":"WebPage","@id":"https:\/\/haraslastordillas.com\/pt-br\/acomodacoes\/","url":"https:\/\/haraslastordillas.com\/pt-br\/acomodacoes\/","name":"Acomoda\u00e7\u00f5es De Luxo No Uruguai | Haras Las Tordillas","isPartOf":{"@id":"https:\/\/haraslastordillas.com\/pt-br\/#website"},"primaryImageOfPage":{"@id":"https:\/\/haraslastordillas.com\/pt-br\/acomodacoes\/#primaryimage"},"image":{"@id":"https:\/\/haraslastordillas.com\/pt-br\/acomodacoes\/#primaryimage"},"thumbnailUrl":"https:\/\/haraslastordillas.com\/wp-content\/uploads\/2023\/12\/haras-hero-2.jpg","datePublished":"2023-11-28T17:45:47+00:00","dateModified":"2024-02-22T19:24:16+00:00","description":"Explore as acomoda\u00e7\u00f5es de luxo no Haras Las Tordillas no Uruguai. Experimente a eleg\u00e2ncia e o conforto cercados pela beleza natural.","breadcrumb":{"@id":"https:\/\/haraslastordillas.com\/pt-br\/acomodacoes\/#breadcrumb"},"inLanguage":"pt-BR","potentialAction":[{"@type":"ReadAction","target":["https:\/\/haraslastordillas.com\/pt-br\/acomodacoes\/"]}]},{"@type":"ImageObject","inLanguage":"pt-BR","@id":"https:\/\/haraslastordillas.com\/pt-br\/acomodacoes\/#primaryimage","url":"https:\/\/haraslastordillas.com\/wp-content\/uploads\/2023\/12\/haras-hero-2.jpg","contentUrl":"https:\/\/haraslastordillas.com\/wp-content\/uploads\/2023\/12\/haras-hero-2.jpg","width":1400,"height":932,"caption":"Haras las Tordillas"},{"@type":"BreadcrumbList","@id":"https:\/\/haraslastordillas.com\/pt-br\/acomodacoes\/#breadcrumb","itemListElement":[{"@type":"ListItem","position":1,"name":"Home","item":"https:\/\/haraslastordillas.com\/pt-br\/"},{"@type":"ListItem","position":2,"name":"Acomoda\u00e7\u00f5es"}]},{"@type":"WebSite","@id":"https:\/\/haraslastordillas.com\/pt-br\/#website","url":"https:\/\/haraslastordillas.com\/pt-br\/","name":"Haras Las Tordillas","description":"Uruguay","publisher":{"@id":"https:\/\/haraslastordillas.com\/pt-br\/#organization"},"potentialAction":[{"@type":"SearchAction","target":{"@type":"EntryPoint","urlTemplate":"https:\/\/haraslastordillas.com\/pt-br\/?s={search_term_string}"},"query-input":{"@type":"PropertyValueSpecification","valueRequired":true,"valueName":"search_term_string"}}],"inLanguage":"pt-BR"},{"@type":"Organization","@id":"https:\/\/haraslastordillas.com\/pt-br\/#organization","name":"Haras Las Tordillas","url":"https:\/\/haraslastordillas.com\/pt-br\/","logo":{"@type":"ImageObject","inLanguage":"pt-BR","@id":"https:\/\/haraslastordillas.com\/pt-br\/#\/schema\/logo\/image\/","url":"https:\/\/haraslastordillas.com\/wp-content\/uploads\/2023\/11\/logo-haras.png","contentUrl":"https:\/\/haraslastordillas.com\/wp-content\/uploads\/2023\/11\/logo-haras.png","width":400,"height":182,"caption":"Haras Las Tordillas"},"image":{"@id":"https:\/\/haraslastordillas.com\/pt-br\/#\/schema\/logo\/image\/"}}]}},"_links":{"self":[{"href":"https:\/\/haraslastordillas.com\/pt-br\/wp-json\/wp\/v2\/pages\/640","targetHints":{"allow":["GET"]}}],"collection":[{"href":"https:\/\/haraslastordillas.com\/pt-br\/wp-json\/wp\/v2\/pages"}],"about":[{"href":"https:\/\/haraslastordillas.com\/pt-br\/wp-json\/wp\/v2\/types\/page"}],"author":[{"embeddable":true,"href":"https:\/\/haraslastordillas.com\/pt-br\/wp-json\/wp\/v2\/users\/1"}],"replies":[{"embeddable":true,"href":"https:\/\/haraslastordillas.com\/pt-br\/wp-json\/wp\/v2\/comments?post=640"}],"version-history":[{"count":6,"href":"https:\/\/haraslastordillas.com\/pt-br\/wp-json\/wp\/v2\/pages\/640\/revisions"}],"predecessor-version":[{"id":767,"href":"https:\/\/haraslastordillas.com\/pt-br\/wp-json\/wp\/v2\/pages\/640\/revisions\/767"}],"wp:featuredmedia":[{"embeddable":true,"href":"https:\/\/haraslastordillas.com\/pt-br\/wp-json\/wp\/v2\/media\/467"}],"wp:attachment":[{"href":"https:\/\/haraslastordillas.com\/pt-br\/wp-json\/wp\/v2\/media?parent=640"}],"curies":[{"name":"wp","href":"https:\/\/api.w.org\/{rel}","templated":true}]}}