{"id":626,"date":"2024-01-02T11:01:14","date_gmt":"2024-01-02T14:01:14","guid":{"rendered":"https:\/\/haraslastordillas.com\/terminos-condiciones\/"},"modified":"2024-08-15T01:06:26","modified_gmt":"2024-08-15T04:06:26","slug":"terminos-condiciones","status":"publish","type":"page","link":"https:\/\/haraslastordillas.com\/es\/terminos-condiciones\/","title":{"rendered":"T\u00e9rminos &amp; Condiciones"},"content":{"rendered":"\t\t<div data-elementor-type=\"wp-page\" data-elementor-id=\"626\" class=\"elementor elementor-626 elementor-259\" data-elementor-post-type=\"page\">\n\t\t\t\t<div class=\"elementor-element elementor-element-660fd7f e-flex e-con-boxed e-con e-parent\" data-id=\"660fd7f\" data-element_type=\"container\" data-e-type=\"container\">\n\t\t\t\t\t<div class=\"e-con-inner\">\n\t\t\t\t<div class=\"elementor-element elementor-element-9e79bee elementor-widget elementor-widget-heading\" data-id=\"9e79bee\" data-element_type=\"widget\" data-e-type=\"widget\" data-widget_type=\"heading.default\">\n\t\t\t\t<div class=\"elementor-widget-container\">\n\t\t\t\t\t<h1 class=\"elementor-heading-title elementor-size-default\">T\u00e9rminos y condiciones<\/h1>\t\t\t\t<\/div>\n\t\t\t\t<\/div>\n\t\t\t\t<div class=\"elementor-element elementor-element-9b425f8 elementor-widget elementor-widget-text-editor\" data-id=\"9b425f8\" data-element_type=\"widget\" data-e-type=\"widget\" data-widget_type=\"text-editor.default\">\n\t\t\t\t<div class=\"elementor-widget-container\">\n\t\t\t\t\t\t\t\t\t<p>Bienvenidos a Haras Las Tordillas. Esperamos brindarles una estad\u00eda memorable y agradable. Por favor, t\u00f3mate un momento para leer nuestros t\u00e9rminos y condiciones para asegurar una experiencia fluida y placentera durante tu visita.<\/p>\n\t\t\t\t\t\t\t\t<\/div>\n\t\t\t\t<\/div>\n\t\t\t\t<div class=\"elementor-element elementor-element-df08272 elementor-widget elementor-widget-heading\" data-id=\"df08272\" data-element_type=\"widget\" data-e-type=\"widget\" data-widget_type=\"heading.default\">\n\t\t\t\t<div class=\"elementor-widget-container\">\n\t\t\t\t\t<h2 class=\"elementor-heading-title elementor-size-default\">Pol\u00edtica de reserva<\/h2>\t\t\t\t<\/div>\n\t\t\t\t<\/div>\n\t\t\t\t<div class=\"elementor-element elementor-element-cb26fac elementor-widget elementor-widget-text-editor\" data-id=\"cb26fac\" data-element_type=\"widget\" data-e-type=\"widget\" data-widget_type=\"text-editor.default\">\n\t\t\t\t<div class=\"elementor-widget-container\">\n\t\t\t\t\t\t\t\t\t<ul>\n<li><strong>Reserva anticipada:<\/strong> Se requiere que los hu\u00e9spedes realicen sus reservas al menos 48 horas antes. Esto nos ayuda a prepararnos para tu llegada y asegura que tu estad\u00eda sea lo m\u00e1s c\u00f3moda posible.<\/li>\n<li><strong>Dep\u00f3sito:<\/strong> Se requiere un dep\u00f3sito del 50% del total de la reserva para asegurar tu lugar. Este dep\u00f3sito no es reembolsable.<\/li>\n<li>Para la tranquilidad y comodidad de todos nuestros hu\u00e9spedes, no se permiten mascotas. Nuestras casas y caba\u00f1as son exclusivamente para hu\u00e9spedes adultos. Los ni\u00f1os son bienvenidos solo en el \u00e1rea correspondiente a nuestro Establo Renovado (que no genera acceso a \u00e1reas comunes). La propuesta de hospedaje en Haras Las Tordillas es generar momentos inolvidables, de descanso, lectura, caminatas y buenas conversaciones, en ambientes y paisajes con un encanto especial que potenciar\u00e1n tu conexi\u00f3n con la naturaleza. Es por este motivo que en Haras Las Tordillas no hay televisores.<\/li>\n<\/ul>\n\t\t\t\t\t\t\t\t<\/div>\n\t\t\t\t<\/div>\n\t\t\t\t<div class=\"elementor-element elementor-element-43f62f8 elementor-widget elementor-widget-heading\" data-id=\"43f62f8\" data-element_type=\"widget\" data-e-type=\"widget\" data-widget_type=\"heading.default\">\n\t\t\t\t<div class=\"elementor-widget-container\">\n\t\t\t\t\t<h2 class=\"elementor-heading-title elementor-size-default\">Pol\u00edtica de cancelaci\u00f3n<\/h2>\t\t\t\t<\/div>\n\t\t\t\t<\/div>\n\t\t\t\t<div class=\"elementor-element elementor-element-ea170d6 elementor-widget elementor-widget-text-editor\" data-id=\"ea170d6\" data-element_type=\"widget\" data-e-type=\"widget\" data-widget_type=\"text-editor.default\">\n\t\t\t\t<div class=\"elementor-widget-container\">\n\t\t\t\t\t\t\t\t\t<ul>\n<li><strong>Aviso de cancelaci\u00f3n:<\/strong> Si necesitas cancelar tu reserva, por favor hazlo al menos 14 d\u00edas antes de tu llegada programada. Esto nos permite ajustar nuestras reservas en consecuencia y ofrecer el alojamiento a otros hu\u00e9spedes.<br \/>No reembolsable<\/li>\n<li><strong>no reembolsable:<\/strong> Ten en cuenta que el dep\u00f3sito del 50% no es reembolsable si la cancelaci\u00f3n ocurre menos de 14 d\u00edas antes de la fecha de llegada.<\/li>\n<\/ul>\n\t\t\t\t\t\t\t\t<\/div>\n\t\t\t\t<\/div>\n\t\t\t\t<div class=\"elementor-element elementor-element-3bd443c elementor-widget elementor-widget-heading\" data-id=\"3bd443c\" data-element_type=\"widget\" data-e-type=\"widget\" data-widget_type=\"heading.default\">\n\t\t\t\t<div class=\"elementor-widget-container\">\n\t\t\t\t\t<h2 class=\"elementor-heading-title elementor-size-default\">Pol\u00edtica de alojamiento<\/h2>\t\t\t\t<\/div>\n\t\t\t\t<\/div>\n\t\t\t\t<div class=\"elementor-element elementor-element-c26796e elementor-widget elementor-widget-text-editor\" data-id=\"c26796e\" data-element_type=\"widget\" data-e-type=\"widget\" data-widget_type=\"text-editor.default\">\n\t\t\t\t<div class=\"elementor-widget-container\">\n\t\t\t\t\t\t\t\t\t<ul>\n<li><strong>Pol\u00edtica de mascotas:<\/strong> Haras Las Tordillas no admite mascotas. Pedimos amablemente a nuestros hu\u00e9spedes que hagan arreglos alternativos para sus mascotas durante su estad\u00eda con nosotros.<\/li>\n<li><strong>Restricci\u00f3n de edad:<\/strong> Las \u00e1reas de caba\u00f1as y el Club House de Haras Las Tordillas son exclusivamente para adultos. No alojamos a menores en estas \u00e1reas espec\u00edficas para asegurar un ambiente sereno y relajante para todos nuestros hu\u00e9spedes.<\/li>\n<\/ul>\n\t\t\t\t\t\t\t\t<\/div>\n\t\t\t\t<\/div>\n\t\t\t\t<div class=\"elementor-element elementor-element-93038ee elementor-widget elementor-widget-text-editor\" data-id=\"93038ee\" data-element_type=\"widget\" data-e-type=\"widget\" data-widget_type=\"text-editor.default\">\n\t\t\t\t<div class=\"elementor-widget-container\">\n\t\t\t\t\t\t\t\t\t<p>Agradecemos tu comprensi\u00f3n y adhesi\u00f3n a estos t\u00e9rminos y condiciones. Al confirmar tu reserva, est\u00e1s aceptando cumplir con estas pol\u00edticas. Si tienes alguna pregunta o necesitas m\u00e1s aclaraciones, no dudes en contactarnos.<\/p>\n\t\t\t\t\t\t\t\t<\/div>\n\t\t\t\t<\/div>\n\t\t\t\t\t<\/div>\n\t\t\t\t<\/div>\n\t\t\t\t<\/div>\n\t\t","protected":false},"excerpt":{"rendered":"<p>T\u00e9rminos y condiciones Bienvenidos a Haras Las Tordillas. Esperamos brindarles una estad\u00eda memorable y agradable. Por favor, t\u00f3mate un momento para leer nuestros t\u00e9rminos y condiciones para asegurar una experiencia fluida y placentera durante tu visita. Pol\u00edtica de reserva Reserva anticipada: Se requiere que los hu\u00e9spedes realicen sus reservas al menos 48 horas antes. Esto [&hellip;]<\/p>\n","protected":false},"author":1,"featured_media":474,"parent":0,"menu_order":0,"comment_status":"closed","ping_status":"closed","template":"elementor_header_footer","meta":{"_monsterinsights_skip_tracking":false,"_monsterinsights_sitenote_active":false,"_monsterinsights_sitenote_note":"","_monsterinsights_sitenote_category":0,"footnotes":""},"class_list":["post-626","page","type-page","status-publish","has-post-thumbnail","hentry"],"yoast_head":"<!-- This site is optimized with the Yoast SEO plugin v27.3 - https:\/\/yoast.com\/product\/yoast-seo-wordpress\/ -->\n<title>T\u00e9rminos Y Condiciones De Estad\u00eda | Haras Las Tordillas, Uruguay<\/title>\n<meta name=\"description\" content=\"Lee los t\u00e9rminos y condiciones para hospedarse en Haras Las Tordillas. Entiende nuestras pol\u00edticas de reserva, cancelaci\u00f3n y estad\u00eda.\" \/>\n<meta name=\"robots\" content=\"index, follow, max-snippet:-1, max-image-preview:large, max-video-preview:-1\" \/>\n<link rel=\"canonical\" href=\"https:\/\/haraslastordillas.com\/es\/terminos-condiciones\/\" \/>\n<meta property=\"og:locale\" content=\"es_ES\" \/>\n<meta property=\"og:type\" content=\"article\" \/>\n<meta property=\"og:title\" content=\"T\u00e9rminos Y Condiciones De Estad\u00eda | Haras Las Tordillas, Uruguay\" \/>\n<meta property=\"og:description\" content=\"Lee los t\u00e9rminos y condiciones para hospedarse en Haras Las Tordillas. Entiende nuestras pol\u00edticas de reserva, cancelaci\u00f3n y estad\u00eda.\" \/>\n<meta property=\"og:url\" content=\"https:\/\/haraslastordillas.com\/es\/terminos-condiciones\/\" \/>\n<meta property=\"og:site_name\" content=\"Haras Las Tordillas\" \/>\n<meta property=\"article:modified_time\" content=\"2024-08-15T04:06:26+00:00\" \/>\n<meta property=\"og:image\" content=\"https:\/\/haraslastordillas.com\/wp-content\/uploads\/2023\/12\/Haras-las-Tordillas.jpg\" \/>\n\t<meta property=\"og:image:width\" content=\"1400\" \/>\n\t<meta property=\"og:image:height\" content=\"932\" \/>\n\t<meta property=\"og:image:type\" content=\"image\/jpeg\" \/>\n<meta name=\"twitter:card\" content=\"summary_large_image\" \/>\n<meta name=\"twitter:label1\" content=\"Tiempo de lectura\" \/>\n\t<meta name=\"twitter:data1\" content=\"2 minutos\" \/>\n<script type=\"application\/ld+json\" class=\"yoast-schema-graph\">{\"@context\":\"https:\\\/\\\/schema.org\",\"@graph\":[{\"@type\":\"WebPage\",\"@id\":\"https:\\\/\\\/haraslastordillas.com\\\/es\\\/terminos-condiciones\\\/\",\"url\":\"https:\\\/\\\/haraslastordillas.com\\\/es\\\/terminos-condiciones\\\/\",\"name\":\"T\u00e9rminos Y Condiciones De Estad\u00eda | Haras Las Tordillas, Uruguay\",\"isPartOf\":{\"@id\":\"https:\\\/\\\/haraslastordillas.com\\\/es\\\/#website\"},\"primaryImageOfPage\":{\"@id\":\"https:\\\/\\\/haraslastordillas.com\\\/es\\\/terminos-condiciones\\\/#primaryimage\"},\"image\":{\"@id\":\"https:\\\/\\\/haraslastordillas.com\\\/es\\\/terminos-condiciones\\\/#primaryimage\"},\"thumbnailUrl\":\"https:\\\/\\\/haraslastordillas.com\\\/wp-content\\\/uploads\\\/2023\\\/12\\\/Haras-las-Tordillas.jpg\",\"datePublished\":\"2024-01-02T14:01:14+00:00\",\"dateModified\":\"2024-08-15T04:06:26+00:00\",\"description\":\"Lee los t\u00e9rminos y condiciones para hospedarse en Haras Las Tordillas. Entiende nuestras pol\u00edticas de reserva, cancelaci\u00f3n y estad\u00eda.\",\"breadcrumb\":{\"@id\":\"https:\\\/\\\/haraslastordillas.com\\\/es\\\/terminos-condiciones\\\/#breadcrumb\"},\"inLanguage\":\"es\",\"potentialAction\":[{\"@type\":\"ReadAction\",\"target\":[\"https:\\\/\\\/haraslastordillas.com\\\/es\\\/terminos-condiciones\\\/\"]}]},{\"@type\":\"ImageObject\",\"inLanguage\":\"es\",\"@id\":\"https:\\\/\\\/haraslastordillas.com\\\/es\\\/terminos-condiciones\\\/#primaryimage\",\"url\":\"https:\\\/\\\/haraslastordillas.com\\\/wp-content\\\/uploads\\\/2023\\\/12\\\/Haras-las-Tordillas.jpg\",\"contentUrl\":\"https:\\\/\\\/haraslastordillas.com\\\/wp-content\\\/uploads\\\/2023\\\/12\\\/Haras-las-Tordillas.jpg\",\"width\":1400,\"height\":932,\"caption\":\"Haras las Tordillas\"},{\"@type\":\"BreadcrumbList\",\"@id\":\"https:\\\/\\\/haraslastordillas.com\\\/es\\\/terminos-condiciones\\\/#breadcrumb\",\"itemListElement\":[{\"@type\":\"ListItem\",\"position\":1,\"name\":\"Home\",\"item\":\"https:\\\/\\\/haraslastordillas.com\\\/es\\\/inicio\\\/\"},{\"@type\":\"ListItem\",\"position\":2,\"name\":\"T\u00e9rminos &amp; Condiciones\"}]},{\"@type\":\"WebSite\",\"@id\":\"https:\\\/\\\/haraslastordillas.com\\\/es\\\/#website\",\"url\":\"https:\\\/\\\/haraslastordillas.com\\\/es\\\/\",\"name\":\"Haras Las Tordillas\",\"description\":\"Uruguay\",\"publisher\":{\"@id\":\"https:\\\/\\\/haraslastordillas.com\\\/es\\\/#organization\"},\"potentialAction\":[{\"@type\":\"SearchAction\",\"target\":{\"@type\":\"EntryPoint\",\"urlTemplate\":\"https:\\\/\\\/haraslastordillas.com\\\/es\\\/?s={search_term_string}\"},\"query-input\":{\"@type\":\"PropertyValueSpecification\",\"valueRequired\":true,\"valueName\":\"search_term_string\"}}],\"inLanguage\":\"es\"},{\"@type\":\"Organization\",\"@id\":\"https:\\\/\\\/haraslastordillas.com\\\/es\\\/#organization\",\"name\":\"Haras Las Tordillas\",\"url\":\"https:\\\/\\\/haraslastordillas.com\\\/es\\\/\",\"logo\":{\"@type\":\"ImageObject\",\"inLanguage\":\"es\",\"@id\":\"https:\\\/\\\/haraslastordillas.com\\\/es\\\/#\\\/schema\\\/logo\\\/image\\\/\",\"url\":\"https:\\\/\\\/haraslastordillas.com\\\/wp-content\\\/uploads\\\/2023\\\/11\\\/logo-haras.png\",\"contentUrl\":\"https:\\\/\\\/haraslastordillas.com\\\/wp-content\\\/uploads\\\/2023\\\/11\\\/logo-haras.png\",\"width\":400,\"height\":182,\"caption\":\"Haras Las Tordillas\"},\"image\":{\"@id\":\"https:\\\/\\\/haraslastordillas.com\\\/es\\\/#\\\/schema\\\/logo\\\/image\\\/\"}}]}<\/script>\n<!-- \/ Yoast SEO plugin. -->","yoast_head_json":{"title":"T\u00e9rminos Y Condiciones De Estad\u00eda | Haras Las Tordillas, Uruguay","description":"Lee los t\u00e9rminos y condiciones para hospedarse en Haras Las Tordillas. Entiende nuestras pol\u00edticas de reserva, cancelaci\u00f3n y estad\u00eda.","robots":{"index":"index","follow":"follow","max-snippet":"max-snippet:-1","max-image-preview":"max-image-preview:large","max-video-preview":"max-video-preview:-1"},"canonical":"https:\/\/haraslastordillas.com\/es\/terminos-condiciones\/","og_locale":"es_ES","og_type":"article","og_title":"T\u00e9rminos Y Condiciones De Estad\u00eda | Haras Las Tordillas, Uruguay","og_description":"Lee los t\u00e9rminos y condiciones para hospedarse en Haras Las Tordillas. Entiende nuestras pol\u00edticas de reserva, cancelaci\u00f3n y estad\u00eda.","og_url":"https:\/\/haraslastordillas.com\/es\/terminos-condiciones\/","og_site_name":"Haras Las Tordillas","article_modified_time":"2024-08-15T04:06:26+00:00","og_image":[{"width":1400,"height":932,"url":"https:\/\/haraslastordillas.com\/wp-content\/uploads\/2023\/12\/Haras-las-Tordillas.jpg","type":"image\/jpeg"}],"twitter_card":"summary_large_image","twitter_misc":{"Tiempo de lectura":"2 minutos"},"schema":{"@context":"https:\/\/schema.org","@graph":[{"@type":"WebPage","@id":"https:\/\/haraslastordillas.com\/es\/terminos-condiciones\/","url":"https:\/\/haraslastordillas.com\/es\/terminos-condiciones\/","name":"T\u00e9rminos Y Condiciones De Estad\u00eda | Haras Las Tordillas, Uruguay","isPartOf":{"@id":"https:\/\/haraslastordillas.com\/es\/#website"},"primaryImageOfPage":{"@id":"https:\/\/haraslastordillas.com\/es\/terminos-condiciones\/#primaryimage"},"image":{"@id":"https:\/\/haraslastordillas.com\/es\/terminos-condiciones\/#primaryimage"},"thumbnailUrl":"https:\/\/haraslastordillas.com\/wp-content\/uploads\/2023\/12\/Haras-las-Tordillas.jpg","datePublished":"2024-01-02T14:01:14+00:00","dateModified":"2024-08-15T04:06:26+00:00","description":"Lee los t\u00e9rminos y condiciones para hospedarse en Haras Las Tordillas. Entiende nuestras pol\u00edticas de reserva, cancelaci\u00f3n y estad\u00eda.","breadcrumb":{"@id":"https:\/\/haraslastordillas.com\/es\/terminos-condiciones\/#breadcrumb"},"inLanguage":"es","potentialAction":[{"@type":"ReadAction","target":["https:\/\/haraslastordillas.com\/es\/terminos-condiciones\/"]}]},{"@type":"ImageObject","inLanguage":"es","@id":"https:\/\/haraslastordillas.com\/es\/terminos-condiciones\/#primaryimage","url":"https:\/\/haraslastordillas.com\/wp-content\/uploads\/2023\/12\/Haras-las-Tordillas.jpg","contentUrl":"https:\/\/haraslastordillas.com\/wp-content\/uploads\/2023\/12\/Haras-las-Tordillas.jpg","width":1400,"height":932,"caption":"Haras las Tordillas"},{"@type":"BreadcrumbList","@id":"https:\/\/haraslastordillas.com\/es\/terminos-condiciones\/#breadcrumb","itemListElement":[{"@type":"ListItem","position":1,"name":"Home","item":"https:\/\/haraslastordillas.com\/es\/inicio\/"},{"@type":"ListItem","position":2,"name":"T\u00e9rminos &amp; Condiciones"}]},{"@type":"WebSite","@id":"https:\/\/haraslastordillas.com\/es\/#website","url":"https:\/\/haraslastordillas.com\/es\/","name":"Haras Las Tordillas","description":"Uruguay","publisher":{"@id":"https:\/\/haraslastordillas.com\/es\/#organization"},"potentialAction":[{"@type":"SearchAction","target":{"@type":"EntryPoint","urlTemplate":"https:\/\/haraslastordillas.com\/es\/?s={search_term_string}"},"query-input":{"@type":"PropertyValueSpecification","valueRequired":true,"valueName":"search_term_string"}}],"inLanguage":"es"},{"@type":"Organization","@id":"https:\/\/haraslastordillas.com\/es\/#organization","name":"Haras Las Tordillas","url":"https:\/\/haraslastordillas.com\/es\/","logo":{"@type":"ImageObject","inLanguage":"es","@id":"https:\/\/haraslastordillas.com\/es\/#\/schema\/logo\/image\/","url":"https:\/\/haraslastordillas.com\/wp-content\/uploads\/2023\/11\/logo-haras.png","contentUrl":"https:\/\/haraslastordillas.com\/wp-content\/uploads\/2023\/11\/logo-haras.png","width":400,"height":182,"caption":"Haras Las Tordillas"},"image":{"@id":"https:\/\/haraslastordillas.com\/es\/#\/schema\/logo\/image\/"}}]}},"_links":{"self":[{"href":"https:\/\/haraslastordillas.com\/es\/wp-json\/wp\/v2\/pages\/626","targetHints":{"allow":["GET"]}}],"collection":[{"href":"https:\/\/haraslastordillas.com\/es\/wp-json\/wp\/v2\/pages"}],"about":[{"href":"https:\/\/haraslastordillas.com\/es\/wp-json\/wp\/v2\/types\/page"}],"author":[{"embeddable":true,"href":"https:\/\/haraslastordillas.com\/es\/wp-json\/wp\/v2\/users\/1"}],"replies":[{"embeddable":true,"href":"https:\/\/haraslastordillas.com\/es\/wp-json\/wp\/v2\/comments?post=626"}],"version-history":[{"count":5,"href":"https:\/\/haraslastordillas.com\/es\/wp-json\/wp\/v2\/pages\/626\/revisions"}],"predecessor-version":[{"id":903,"href":"https:\/\/haraslastordillas.com\/es\/wp-json\/wp\/v2\/pages\/626\/revisions\/903"}],"wp:featuredmedia":[{"embeddable":true,"href":"https:\/\/haraslastordillas.com\/es\/wp-json\/wp\/v2\/media\/474"}],"wp:attachment":[{"href":"https:\/\/haraslastordillas.com\/es\/wp-json\/wp\/v2\/media?parent=626"}],"curies":[{"name":"wp","href":"https:\/\/api.w.org\/{rel}","templated":true}]}}