{"id":622,"date":"2023-11-28T14:51:49","date_gmt":"2023-11-28T17:51:49","guid":{"rendered":"https:\/\/haraslastordillas.com\/cabalgatas\/"},"modified":"2025-06-06T20:54:21","modified_gmt":"2025-06-06T23:54:21","slug":"cabalgatas","status":"publish","type":"page","link":"https:\/\/haraslastordillas.com\/es\/cabalgatas\/","title":{"rendered":"Cabalgatas"},"content":{"rendered":"\t\t<div data-elementor-type=\"wp-page\" data-elementor-id=\"622\" class=\"elementor elementor-622 elementor-26\" data-elementor-post-type=\"page\">\n\t\t\t\t<div class=\"elementor-element elementor-element-894e81c e-flex e-con-boxed e-con e-parent\" data-id=\"894e81c\" data-element_type=\"container\" data-e-type=\"container\" data-settings=\"{&quot;background_background&quot;:&quot;classic&quot;}\">\n\t\t\t\t\t<div class=\"e-con-inner\">\n\t\t<div class=\"elementor-element elementor-element-b915dff e-con-full e-flex e-con e-child\" data-id=\"b915dff\" data-element_type=\"container\" data-e-type=\"container\">\n\t\t\t\t<div class=\"elementor-element elementor-element-0fcc262 elementor-widget elementor-widget-heading\" data-id=\"0fcc262\" data-element_type=\"widget\" data-e-type=\"widget\" data-widget_type=\"heading.default\">\n\t\t\t\t<div class=\"elementor-widget-container\">\n\t\t\t\t\t<h2 class=\"elementor-heading-title elementor-size-default\">Vive el encanto de las sierras a caballo<\/h2>\t\t\t\t<\/div>\n\t\t\t\t<\/div>\n\t\t\t\t<div class=\"elementor-element elementor-element-f3c5e10 elementor-widget elementor-widget-text-editor\" data-id=\"f3c5e10\" data-element_type=\"widget\" data-e-type=\"widget\" data-widget_type=\"text-editor.default\">\n\t\t\t\t<div class=\"elementor-widget-container\">\n\t\t\t\t\t\t\t\t\t<p>En Haras Las Tordillas ofrecemos la oportunidad \u00fanica de explorar el hermoso paisaje de las sierras a caballo. <span style=\"color: #4a6d51;\"><strong>Nuestros hu\u00e9spedes pueden disfrutar de cabalgatas en nuestros caballos Criollos, una raza aut\u00f3ctona de Uruguay<\/strong><\/span>, conocidos por su agilidad y naturaleza amigable.<\/p>\n\t\t\t\t\t\t\t\t<\/div>\n\t\t\t\t<\/div>\n\t\t\t\t<\/div>\n\t\t<div class=\"elementor-element elementor-element-8b40ccc e-con-full e-flex e-con e-child\" data-id=\"8b40ccc\" data-element_type=\"container\" data-e-type=\"container\">\n\t\t\t\t<div class=\"elementor-element elementor-element-b09e785 elementor-widget elementor-widget-image\" data-id=\"b09e785\" data-element_type=\"widget\" data-e-type=\"widget\" data-widget_type=\"image.default\">\n\t\t\t\t<div class=\"elementor-widget-container\">\n\t\t\t\t\t\t\t\t\t\t\t\t\t\t\t<img fetchpriority=\"high\" decoding=\"async\" width=\"892\" height=\"669\" src=\"https:\/\/haraslastordillas.com\/wp-content\/uploads\/2024\/01\/horses-4-1024x768.jpg\" class=\"attachment-large size-large wp-image-540\" alt=\"\" srcset=\"https:\/\/haraslastordillas.com\/wp-content\/uploads\/2024\/01\/horses-4-1024x768.jpg 1024w, https:\/\/haraslastordillas.com\/wp-content\/uploads\/2024\/01\/horses-4-300x225.jpg 300w, https:\/\/haraslastordillas.com\/wp-content\/uploads\/2024\/01\/horses-4-768x576.jpg 768w, https:\/\/haraslastordillas.com\/wp-content\/uploads\/2024\/01\/horses-4-892x669.jpg 892w, https:\/\/haraslastordillas.com\/wp-content\/uploads\/2024\/01\/horses-4-1350x1013.jpg 1350w, https:\/\/haraslastordillas.com\/wp-content\/uploads\/2024\/01\/horses-4.jpg 1400w\" sizes=\"(max-width: 892px) 100vw, 892px\" \/>\t\t\t\t\t\t\t\t\t\t\t\t\t\t\t<\/div>\n\t\t\t\t<\/div>\n\t\t\t\t<\/div>\n\t\t\t\t\t<\/div>\n\t\t\t\t<\/div>\n\t\t<div class=\"elementor-element elementor-element-32bc3f8 e-flex e-con-boxed e-con e-parent\" data-id=\"32bc3f8\" data-element_type=\"container\" data-e-type=\"container\" data-settings=\"{&quot;background_background&quot;:&quot;classic&quot;}\">\n\t\t\t\t\t<div class=\"e-con-inner\">\n\t\t\t\t<div class=\"elementor-element elementor-element-2ecbb54 elementor-widget elementor-widget-heading\" data-id=\"2ecbb54\" data-element_type=\"widget\" data-e-type=\"widget\" data-widget_type=\"heading.default\">\n\t\t\t\t<div class=\"elementor-widget-container\">\n\t\t\t\t\t<h2 class=\"elementor-heading-title elementor-size-default\">Cabalga a trav\u00e9s de paisajes incre\u00edbles<\/h2>\t\t\t\t<\/div>\n\t\t\t\t<\/div>\n\t\t\t\t<div class=\"elementor-element elementor-element-b5ed165 elementor-widget elementor-widget-text-editor\" data-id=\"b5ed165\" data-element_type=\"widget\" data-e-type=\"widget\" data-widget_type=\"text-editor.default\">\n\t\t\t\t<div class=\"elementor-widget-container\">\n\t\t\t\t\t\t\t\t\t<p>Nuestros paseos a caballo te llevan a trav\u00e9s de horizontes de sierras ondulantes y la distintiva flora nativa de la zona. Cada paseo es una aventura en s\u00ed misma, ofreciendo un vistazo a la belleza de nuestro entorno.<\/p>\n\t\t\t\t\t\t\t\t<\/div>\n\t\t\t\t<\/div>\n\t\t\t\t<div class=\"elementor-element elementor-element-3570458 elementor-skin-carousel elementor-arrows-yes elementor-widget elementor-widget-media-carousel\" data-id=\"3570458\" data-element_type=\"widget\" data-e-type=\"widget\" data-settings=\"{&quot;skin&quot;:&quot;carousel&quot;,&quot;effect&quot;:&quot;slide&quot;,&quot;show_arrows&quot;:&quot;yes&quot;,&quot;speed&quot;:500,&quot;autoplay&quot;:&quot;yes&quot;,&quot;autoplay_speed&quot;:5000,&quot;loop&quot;:&quot;yes&quot;,&quot;pause_on_hover&quot;:&quot;yes&quot;,&quot;pause_on_interaction&quot;:&quot;yes&quot;,&quot;space_between&quot;:{&quot;unit&quot;:&quot;px&quot;,&quot;size&quot;:10,&quot;sizes&quot;:[]},&quot;space_between_tablet&quot;:{&quot;unit&quot;:&quot;px&quot;,&quot;size&quot;:10,&quot;sizes&quot;:[]},&quot;space_between_mobile&quot;:{&quot;unit&quot;:&quot;px&quot;,&quot;size&quot;:10,&quot;sizes&quot;:[]}}\" data-widget_type=\"media-carousel.default\">\n\t\t\t\t<div class=\"elementor-widget-container\">\n\t\t\t\t\t\t\t\t\t<div class=\"elementor-swiper\">\n\t\t\t\t\t<div class=\"elementor-main-swiper swiper\" role=\"region\" aria-roledescription=\"carousel\" aria-label=\"Slides\">\n\t\t\t\t<div class=\"swiper-wrapper\">\n\t\t\t\t\t\t\t\t\t\t\t<div class=\"swiper-slide\" role=\"group\" aria-roledescription=\"slide\">\n\t\t\t\t\t\t\t\t\t<div class=\"elementor-carousel-image\" role=\"img\" aria-label=\"IMG_4592\" style=\"background-image: url(&#039;https:\/\/haraslastordillas.com\/wp-content\/uploads\/2025\/06\/IMG_4592-scaled.jpg&#039;)\">\n\n\t\t\t\n\t\t\t\t\t<\/div>\n\t\t\t\t\t\t\t\t<\/div>\n\t\t\t\t\t\t\t\t\t\t\t<div class=\"swiper-slide\" role=\"group\" aria-roledescription=\"slide\">\n\t\t\t\t\t\t\t\t\t<div class=\"elementor-carousel-image\" role=\"img\" aria-label=\"Las Tordillas-199\" style=\"background-image: url(&#039;https:\/\/haraslastordillas.com\/wp-content\/uploads\/2025\/06\/Las-Tordillas-199-scaled.jpg&#039;)\">\n\n\t\t\t\n\t\t\t\t\t<\/div>\n\t\t\t\t\t\t\t\t<\/div>\n\t\t\t\t\t\t\t\t\t\t\t<div class=\"swiper-slide\" role=\"group\" aria-roledescription=\"slide\">\n\t\t\t\t\t\t\t\t\t<div class=\"elementor-carousel-image\" role=\"img\" aria-label=\"horse\" style=\"background-image: url(&#039;https:\/\/haraslastordillas.com\/wp-content\/uploads\/2025\/06\/horse-scaled.jpg&#039;)\">\n\n\t\t\t\n\t\t\t\t\t<\/div>\n\t\t\t\t\t\t\t\t<\/div>\n\t\t\t\t\t\t\t\t\t<\/div>\n\t\t\t\t\t\t\t\t\t\t\t\t\t\t\t<div class=\"elementor-swiper-button elementor-swiper-button-prev\" role=\"button\" tabindex=\"0\" aria-label=\"Anterior\">\n\t\t\t\t\t\t\t<svg aria-hidden=\"true\" class=\"e-font-icon-svg e-eicon-chevron-left\" viewBox=\"0 0 1000 1000\" xmlns=\"http:\/\/www.w3.org\/2000\/svg\"><path d=\"M646 125C629 125 613 133 604 142L308 442C296 454 292 471 292 487 292 504 296 521 308 533L604 854C617 867 629 875 646 875 663 875 679 871 692 858 704 846 713 829 713 812 713 796 708 779 692 767L438 487 692 225C700 217 708 204 708 187 708 171 704 154 692 142 675 129 663 125 646 125Z\"><\/path><\/svg>\t\t\t\t\t\t<\/div>\n\t\t\t\t\t\t<div class=\"elementor-swiper-button elementor-swiper-button-next\" role=\"button\" tabindex=\"0\" aria-label=\"Siguiente\">\n\t\t\t\t\t\t\t<svg aria-hidden=\"true\" class=\"e-font-icon-svg e-eicon-chevron-right\" viewBox=\"0 0 1000 1000\" xmlns=\"http:\/\/www.w3.org\/2000\/svg\"><path d=\"M696 533C708 521 713 504 713 487 713 471 708 454 696 446L400 146C388 133 375 125 354 125 338 125 325 129 313 142 300 154 292 171 292 187 292 204 296 221 308 233L563 492 304 771C292 783 288 800 288 817 288 833 296 850 308 863 321 871 338 875 354 875 371 875 388 867 400 854L696 533Z\"><\/path><\/svg>\t\t\t\t\t\t<\/div>\n\t\t\t\t\t\t\t\t\t\t\t\t\t\t\t\t\t<\/div>\n\t\t\t\t<\/div>\n\t\t\t\t\t\t\t\t<\/div>\n\t\t\t\t<\/div>\n\t\t\t\t<div class=\"elementor-element elementor-element-87915b7 elementor-align-center elementor-widget elementor-widget-button\" data-id=\"87915b7\" data-element_type=\"widget\" data-e-type=\"widget\" data-widget_type=\"button.default\">\n\t\t\t\t<div class=\"elementor-widget-container\">\n\t\t\t\t\t\t\t\t\t<div class=\"elementor-button-wrapper\">\n\t\t\t\t\t<a class=\"elementor-button elementor-button-link elementor-size-sm\" href=\"https:\/\/haraslastordillas.com\/es\/reserva-ahora\/\">\n\t\t\t\t\t\t<span class=\"elementor-button-content-wrapper\">\n\t\t\t\t\t\t\t\t\t<span class=\"elementor-button-text\">Reserva ahora<\/span>\n\t\t\t\t\t<\/span>\n\t\t\t\t\t<\/a>\n\t\t\t\t<\/div>\n\t\t\t\t\t\t\t\t<\/div>\n\t\t\t\t<\/div>\n\t\t\t\t\t<\/div>\n\t\t\t\t<\/div>\n\t\t\t\t<\/div>\n\t\t","protected":false},"excerpt":{"rendered":"<p>Vive el encanto de las sierras a caballo En Haras Las Tordillas ofrecemos la oportunidad \u00fanica de explorar el hermoso paisaje de las sierras a caballo. Nuestros hu\u00e9spedes pueden disfrutar de cabalgatas en nuestros caballos Criollos, una raza aut\u00f3ctona de Uruguay, conocidos por su agilidad y naturaleza amigable. Cabalga a trav\u00e9s de paisajes incre\u00edbles Nuestros [&hellip;]<\/p>\n","protected":false},"author":1,"featured_media":472,"parent":0,"menu_order":0,"comment_status":"closed","ping_status":"closed","template":"elementor_header_footer","meta":{"_monsterinsights_skip_tracking":false,"_monsterinsights_sitenote_active":false,"_monsterinsights_sitenote_note":"","_monsterinsights_sitenote_category":0,"footnotes":""},"class_list":["post-622","page","type-page","status-publish","has-post-thumbnail","hentry"],"yoast_head":"<!-- This site is optimized with the Yoast SEO plugin v27.3 - https:\/\/yoast.com\/product\/yoast-seo-wordpress\/ -->\n<title>Cabalgatas \u00danicas En Uruguay | Haras Las Tordillas<\/title>\n<meta name=\"description\" content=\"Vive la belleza de las sierras de Uruguay con las cabalgatas que ofrece Haras Las Tordillas. Cabalga en caballos criollos por hermosos paisajes.\" \/>\n<meta name=\"robots\" content=\"index, follow, max-snippet:-1, max-image-preview:large, max-video-preview:-1\" \/>\n<link rel=\"canonical\" href=\"https:\/\/haraslastordillas.com\/es\/cabalgatas\/\" \/>\n<meta property=\"og:locale\" content=\"es_ES\" \/>\n<meta property=\"og:type\" content=\"article\" \/>\n<meta property=\"og:title\" content=\"Cabalgatas \u00danicas En Uruguay | Haras Las Tordillas\" \/>\n<meta property=\"og:description\" content=\"Vive la belleza de las sierras de Uruguay con las cabalgatas que ofrece Haras Las Tordillas. Cabalga en caballos criollos por hermosos paisajes.\" \/>\n<meta property=\"og:url\" content=\"https:\/\/haraslastordillas.com\/es\/cabalgatas\/\" \/>\n<meta property=\"og:site_name\" content=\"Haras Las Tordillas\" \/>\n<meta property=\"article:modified_time\" content=\"2025-06-06T23:54:21+00:00\" \/>\n<meta property=\"og:image\" content=\"https:\/\/haraslastordillas.com\/wp-content\/uploads\/2023\/12\/Caballos.jpg\" \/>\n\t<meta property=\"og:image:width\" content=\"800\" \/>\n\t<meta property=\"og:image:height\" content=\"534\" \/>\n\t<meta property=\"og:image:type\" content=\"image\/jpeg\" \/>\n<meta name=\"twitter:card\" content=\"summary_large_image\" \/>\n<meta name=\"twitter:label1\" content=\"Tiempo de lectura\" \/>\n\t<meta name=\"twitter:data1\" content=\"1 minuto\" \/>\n<script type=\"application\/ld+json\" class=\"yoast-schema-graph\">{\"@context\":\"https:\\\/\\\/schema.org\",\"@graph\":[{\"@type\":\"WebPage\",\"@id\":\"https:\\\/\\\/haraslastordillas.com\\\/es\\\/cabalgatas\\\/\",\"url\":\"https:\\\/\\\/haraslastordillas.com\\\/es\\\/cabalgatas\\\/\",\"name\":\"Cabalgatas \u00danicas En Uruguay | Haras Las Tordillas\",\"isPartOf\":{\"@id\":\"https:\\\/\\\/haraslastordillas.com\\\/es\\\/#website\"},\"primaryImageOfPage\":{\"@id\":\"https:\\\/\\\/haraslastordillas.com\\\/es\\\/cabalgatas\\\/#primaryimage\"},\"image\":{\"@id\":\"https:\\\/\\\/haraslastordillas.com\\\/es\\\/cabalgatas\\\/#primaryimage\"},\"thumbnailUrl\":\"https:\\\/\\\/haraslastordillas.com\\\/wp-content\\\/uploads\\\/2023\\\/12\\\/Caballos.jpg\",\"datePublished\":\"2023-11-28T17:51:49+00:00\",\"dateModified\":\"2025-06-06T23:54:21+00:00\",\"description\":\"Vive la belleza de las sierras de Uruguay con las cabalgatas que ofrece Haras Las Tordillas. Cabalga en caballos criollos por hermosos paisajes.\",\"breadcrumb\":{\"@id\":\"https:\\\/\\\/haraslastordillas.com\\\/es\\\/cabalgatas\\\/#breadcrumb\"},\"inLanguage\":\"es\",\"potentialAction\":[{\"@type\":\"ReadAction\",\"target\":[\"https:\\\/\\\/haraslastordillas.com\\\/es\\\/cabalgatas\\\/\"]}]},{\"@type\":\"ImageObject\",\"inLanguage\":\"es\",\"@id\":\"https:\\\/\\\/haraslastordillas.com\\\/es\\\/cabalgatas\\\/#primaryimage\",\"url\":\"https:\\\/\\\/haraslastordillas.com\\\/wp-content\\\/uploads\\\/2023\\\/12\\\/Caballos.jpg\",\"contentUrl\":\"https:\\\/\\\/haraslastordillas.com\\\/wp-content\\\/uploads\\\/2023\\\/12\\\/Caballos.jpg\",\"width\":800,\"height\":534,\"caption\":\"Horses\"},{\"@type\":\"BreadcrumbList\",\"@id\":\"https:\\\/\\\/haraslastordillas.com\\\/es\\\/cabalgatas\\\/#breadcrumb\",\"itemListElement\":[{\"@type\":\"ListItem\",\"position\":1,\"name\":\"Home\",\"item\":\"https:\\\/\\\/haraslastordillas.com\\\/es\\\/inicio\\\/\"},{\"@type\":\"ListItem\",\"position\":2,\"name\":\"Cabalgatas\"}]},{\"@type\":\"WebSite\",\"@id\":\"https:\\\/\\\/haraslastordillas.com\\\/es\\\/#website\",\"url\":\"https:\\\/\\\/haraslastordillas.com\\\/es\\\/\",\"name\":\"Haras Las Tordillas\",\"description\":\"Uruguay\",\"publisher\":{\"@id\":\"https:\\\/\\\/haraslastordillas.com\\\/es\\\/#organization\"},\"potentialAction\":[{\"@type\":\"SearchAction\",\"target\":{\"@type\":\"EntryPoint\",\"urlTemplate\":\"https:\\\/\\\/haraslastordillas.com\\\/es\\\/?s={search_term_string}\"},\"query-input\":{\"@type\":\"PropertyValueSpecification\",\"valueRequired\":true,\"valueName\":\"search_term_string\"}}],\"inLanguage\":\"es\"},{\"@type\":\"Organization\",\"@id\":\"https:\\\/\\\/haraslastordillas.com\\\/es\\\/#organization\",\"name\":\"Haras Las Tordillas\",\"url\":\"https:\\\/\\\/haraslastordillas.com\\\/es\\\/\",\"logo\":{\"@type\":\"ImageObject\",\"inLanguage\":\"es\",\"@id\":\"https:\\\/\\\/haraslastordillas.com\\\/es\\\/#\\\/schema\\\/logo\\\/image\\\/\",\"url\":\"https:\\\/\\\/haraslastordillas.com\\\/wp-content\\\/uploads\\\/2023\\\/11\\\/logo-haras.png\",\"contentUrl\":\"https:\\\/\\\/haraslastordillas.com\\\/wp-content\\\/uploads\\\/2023\\\/11\\\/logo-haras.png\",\"width\":400,\"height\":182,\"caption\":\"Haras Las Tordillas\"},\"image\":{\"@id\":\"https:\\\/\\\/haraslastordillas.com\\\/es\\\/#\\\/schema\\\/logo\\\/image\\\/\"}}]}<\/script>\n<!-- \/ Yoast SEO plugin. -->","yoast_head_json":{"title":"Cabalgatas \u00danicas En Uruguay | Haras Las Tordillas","description":"Vive la belleza de las sierras de Uruguay con las cabalgatas que ofrece Haras Las Tordillas. Cabalga en caballos criollos por hermosos paisajes.","robots":{"index":"index","follow":"follow","max-snippet":"max-snippet:-1","max-image-preview":"max-image-preview:large","max-video-preview":"max-video-preview:-1"},"canonical":"https:\/\/haraslastordillas.com\/es\/cabalgatas\/","og_locale":"es_ES","og_type":"article","og_title":"Cabalgatas \u00danicas En Uruguay | Haras Las Tordillas","og_description":"Vive la belleza de las sierras de Uruguay con las cabalgatas que ofrece Haras Las Tordillas. Cabalga en caballos criollos por hermosos paisajes.","og_url":"https:\/\/haraslastordillas.com\/es\/cabalgatas\/","og_site_name":"Haras Las Tordillas","article_modified_time":"2025-06-06T23:54:21+00:00","og_image":[{"width":800,"height":534,"url":"https:\/\/haraslastordillas.com\/wp-content\/uploads\/2023\/12\/Caballos.jpg","type":"image\/jpeg"}],"twitter_card":"summary_large_image","twitter_misc":{"Tiempo de lectura":"1 minuto"},"schema":{"@context":"https:\/\/schema.org","@graph":[{"@type":"WebPage","@id":"https:\/\/haraslastordillas.com\/es\/cabalgatas\/","url":"https:\/\/haraslastordillas.com\/es\/cabalgatas\/","name":"Cabalgatas \u00danicas En Uruguay | Haras Las Tordillas","isPartOf":{"@id":"https:\/\/haraslastordillas.com\/es\/#website"},"primaryImageOfPage":{"@id":"https:\/\/haraslastordillas.com\/es\/cabalgatas\/#primaryimage"},"image":{"@id":"https:\/\/haraslastordillas.com\/es\/cabalgatas\/#primaryimage"},"thumbnailUrl":"https:\/\/haraslastordillas.com\/wp-content\/uploads\/2023\/12\/Caballos.jpg","datePublished":"2023-11-28T17:51:49+00:00","dateModified":"2025-06-06T23:54:21+00:00","description":"Vive la belleza de las sierras de Uruguay con las cabalgatas que ofrece Haras Las Tordillas. Cabalga en caballos criollos por hermosos paisajes.","breadcrumb":{"@id":"https:\/\/haraslastordillas.com\/es\/cabalgatas\/#breadcrumb"},"inLanguage":"es","potentialAction":[{"@type":"ReadAction","target":["https:\/\/haraslastordillas.com\/es\/cabalgatas\/"]}]},{"@type":"ImageObject","inLanguage":"es","@id":"https:\/\/haraslastordillas.com\/es\/cabalgatas\/#primaryimage","url":"https:\/\/haraslastordillas.com\/wp-content\/uploads\/2023\/12\/Caballos.jpg","contentUrl":"https:\/\/haraslastordillas.com\/wp-content\/uploads\/2023\/12\/Caballos.jpg","width":800,"height":534,"caption":"Horses"},{"@type":"BreadcrumbList","@id":"https:\/\/haraslastordillas.com\/es\/cabalgatas\/#breadcrumb","itemListElement":[{"@type":"ListItem","position":1,"name":"Home","item":"https:\/\/haraslastordillas.com\/es\/inicio\/"},{"@type":"ListItem","position":2,"name":"Cabalgatas"}]},{"@type":"WebSite","@id":"https:\/\/haraslastordillas.com\/es\/#website","url":"https:\/\/haraslastordillas.com\/es\/","name":"Haras Las Tordillas","description":"Uruguay","publisher":{"@id":"https:\/\/haraslastordillas.com\/es\/#organization"},"potentialAction":[{"@type":"SearchAction","target":{"@type":"EntryPoint","urlTemplate":"https:\/\/haraslastordillas.com\/es\/?s={search_term_string}"},"query-input":{"@type":"PropertyValueSpecification","valueRequired":true,"valueName":"search_term_string"}}],"inLanguage":"es"},{"@type":"Organization","@id":"https:\/\/haraslastordillas.com\/es\/#organization","name":"Haras Las Tordillas","url":"https:\/\/haraslastordillas.com\/es\/","logo":{"@type":"ImageObject","inLanguage":"es","@id":"https:\/\/haraslastordillas.com\/es\/#\/schema\/logo\/image\/","url":"https:\/\/haraslastordillas.com\/wp-content\/uploads\/2023\/11\/logo-haras.png","contentUrl":"https:\/\/haraslastordillas.com\/wp-content\/uploads\/2023\/11\/logo-haras.png","width":400,"height":182,"caption":"Haras Las Tordillas"},"image":{"@id":"https:\/\/haraslastordillas.com\/es\/#\/schema\/logo\/image\/"}}]}},"_links":{"self":[{"href":"https:\/\/haraslastordillas.com\/es\/wp-json\/wp\/v2\/pages\/622","targetHints":{"allow":["GET"]}}],"collection":[{"href":"https:\/\/haraslastordillas.com\/es\/wp-json\/wp\/v2\/pages"}],"about":[{"href":"https:\/\/haraslastordillas.com\/es\/wp-json\/wp\/v2\/types\/page"}],"author":[{"embeddable":true,"href":"https:\/\/haraslastordillas.com\/es\/wp-json\/wp\/v2\/users\/1"}],"replies":[{"embeddable":true,"href":"https:\/\/haraslastordillas.com\/es\/wp-json\/wp\/v2\/comments?post=622"}],"version-history":[{"count":9,"href":"https:\/\/haraslastordillas.com\/es\/wp-json\/wp\/v2\/pages\/622\/revisions"}],"predecessor-version":[{"id":1449,"href":"https:\/\/haraslastordillas.com\/es\/wp-json\/wp\/v2\/pages\/622\/revisions\/1449"}],"wp:featuredmedia":[{"embeddable":true,"href":"https:\/\/haraslastordillas.com\/es\/wp-json\/wp\/v2\/media\/472"}],"wp:attachment":[{"href":"https:\/\/haraslastordillas.com\/es\/wp-json\/wp\/v2\/media?parent=622"}],"curies":[{"name":"wp","href":"https:\/\/api.w.org\/{rel}","templated":true}]}}